
{"id":7110,"date":"2023-10-26T10:58:51","date_gmt":"2023-10-26T14:58:51","guid":{"rendered":"https:\/\/marymount.emsbdev.com\/?page_id=7110"},"modified":"2024-11-01T12:46:15","modified_gmt":"2024-11-01T16:46:15","slug":"library","status":"publish","type":"page","link":"https:\/\/bancroft.emsb.qc.ca\/fr\/library\/","title":{"rendered":"Biblioth\u00e8que de Bancroft"},"content":{"rendered":"<div data-elementor-type=\"wp-page\" data-elementor-id=\"7110\" class=\"elementor elementor-7110\" data-elementor-post-type=\"page\">\n\t\t\t\t\t\t<section class=\"elementor-section elementor-top-section elementor-element elementor-element-300d5fa elementor-section-boxed elementor-section-height-default elementor-section-height-default\" data-id=\"300d5fa\" data-element_type=\"section\" data-e-type=\"section\" data-settings=\"{&quot;jet_parallax_layout_list&quot;:[]}\">\n\t\t\t\t\t\t<div class=\"elementor-container elementor-column-gap-default\">\n\t\t\t\t\t<div class=\"elementor-column elementor-col-100 elementor-top-column elementor-element elementor-element-03bd478\" data-id=\"03bd478\" data-element_type=\"column\" data-e-type=\"column\">\n\t\t\t<div class=\"elementor-widget-wrap elementor-element-populated\">\n\t\t\t\t\t\t<div class=\"elementor-element elementor-element-820870a elementor-widget elementor-widget-heading\" data-id=\"820870a\" data-element_type=\"widget\" data-e-type=\"widget\" data-widget_type=\"heading.default\">\n\t\t\t\t<div class=\"elementor-widget-container\">\n\t\t\t\t\t<h2 class=\"elementor-heading-title elementor-size-default\">Biblioth\u00e8que de Bancroft<\/h2>\t\t\t\t<\/div>\n\t\t\t\t<\/div>\n\t\t\t\t\t<\/div>\n\t\t<\/div>\n\t\t\t\t\t<\/div>\n\t\t<\/section>\n\t\t\t\t<section class=\"elementor-section elementor-top-section elementor-element elementor-element-4b3e361 elementor-section-boxed elementor-section-height-default elementor-section-height-default\" data-id=\"4b3e361\" data-element_type=\"section\" data-e-type=\"section\" data-settings=\"{&quot;jet_parallax_layout_list&quot;:[]}\">\n\t\t\t\t\t\t<div class=\"elementor-container elementor-column-gap-default\">\n\t\t\t\t\t<div class=\"elementor-column elementor-col-100 elementor-top-column elementor-element elementor-element-729e33f\" data-id=\"729e33f\" data-element_type=\"column\" data-e-type=\"column\">\n\t\t\t<div class=\"elementor-widget-wrap elementor-element-populated\">\n\t\t\t\t\t\t<div class=\"elementor-element elementor-element-82085a7 elementor-widget elementor-widget-text-editor\" data-id=\"82085a7\" data-element_type=\"widget\" data-e-type=\"widget\" data-widget_type=\"text-editor.default\">\n\t\t\t\t<div class=\"elementor-widget-container\">\n\t\t\t\t\t\t\t\t\t<p>Chaque classe se rend \u00e0 la biblioth\u00e8que pour emprunter des livres en anglais et en fran\u00e7ais. Des parents b\u00e9n\u00e9voles aident la biblioth\u00e9caire en proposant aux \u00e9l\u00e8ves des visites enrichies \u00e0 la biblioth\u00e8que. Les \u00e9l\u00e8ves les plus jeunes b\u00e9n\u00e9ficient de l'heure du conte en anglais ou en fran\u00e7ais. Notre biblioth\u00e8que est enti\u00e8rement informatis\u00e9e et des ordinateurs sont \u00e0 la disposition des \u00e9l\u00e8ves pour effectuer des recherches dans le catalogue en ligne.<\/p><div class=\"jumbotron clearfix bluebkd\"><div class=\"col-md-6 nopadding\">Nous am\u00e9liorons constamment notre biblioth\u00e8que avec de nouvelles acquisitions en anglais et en fran\u00e7ais, ainsi que de nouveaux meubles tels que des bureaux et des \u00e9tag\u00e8res. Notre objectif est toujours de faire de la biblioth\u00e8que un lieu accueillant pour tous.<\/div><\/div>\t\t\t\t\t\t\t\t<\/div>\n\t\t\t\t<\/div>\n\t\t\t\t\t<\/div>\n\t\t<\/div>\n\t\t\t\t\t<\/div>\n\t\t<\/section>\n\t\t\t\t<section class=\"elementor-section elementor-top-section elementor-element elementor-element-95143dc elementor-section-boxed elementor-section-height-default elementor-section-height-default\" data-id=\"95143dc\" data-element_type=\"section\" data-e-type=\"section\" data-settings=\"{&quot;jet_parallax_layout_list&quot;:[]}\">\n\t\t\t\t\t\t<div class=\"elementor-container elementor-column-gap-default\">\n\t\t\t\t\t<div class=\"elementor-column elementor-col-100 elementor-top-column elementor-element elementor-element-0ce064b\" data-id=\"0ce064b\" data-element_type=\"column\" data-e-type=\"column\">\n\t\t\t<div class=\"elementor-widget-wrap elementor-element-populated\">\n\t\t\t\t\t\t<section class=\"elementor-section elementor-inner-section elementor-element elementor-element-aad6f90 elementor-section-boxed elementor-section-height-default elementor-section-height-default\" data-id=\"aad6f90\" data-element_type=\"section\" data-e-type=\"section\" data-settings=\"{&quot;jet_parallax_layout_list&quot;:[]}\">\n\t\t\t\t\t\t<div class=\"elementor-container elementor-column-gap-default\">\n\t\t\t\t\t<div class=\"elementor-column elementor-col-50 elementor-inner-column elementor-element elementor-element-031886a\" data-id=\"031886a\" data-element_type=\"column\" data-e-type=\"column\">\n\t\t\t<div class=\"elementor-widget-wrap elementor-element-populated\">\n\t\t\t\t\t\t<div class=\"elementor-element elementor-element-b334527 elementor-widget elementor-widget-heading\" data-id=\"b334527\" data-element_type=\"widget\" data-e-type=\"widget\" data-widget_type=\"heading.default\">\n\t\t\t\t<div class=\"elementor-widget-container\">\n\t\t\t\t\t<h2 class=\"elementor-heading-title elementor-size-default\">\u00c0 propos de notre biblioth\u00e8que<\/h2>\t\t\t\t<\/div>\n\t\t\t\t<\/div>\n\t\t\t\t<div class=\"elementor-element elementor-element-eadd100 elementor-widget elementor-widget-text-editor\" data-id=\"eadd100\" data-element_type=\"widget\" data-e-type=\"widget\" data-widget_type=\"text-editor.default\">\n\t\t\t\t<div class=\"elementor-widget-container\">\n\t\t\t\t\t\t\t\t\t<p>La biblioth\u00e8que de l'\u00e9cole Bancroft dispose d'un grand nombre de livres en anglais et en fran\u00e7ais, de documents de r\u00e9f\u00e9rence et de ressources informatiques. Les \u00e9l\u00e8ves se rendent \u00e0 la biblioth\u00e8que chaque semaine et empruntent des livres dans les deux langues officielles pour une dur\u00e9e d'une \u00e0 deux semaines. Les enfants sont responsables de leurs livres de biblioth\u00e8que en cas de perte ou de d\u00e9t\u00e9rioration.<br \/><br \/>La biblioth\u00e8que est dot\u00e9e d'un technicien \u00e0 temps partiel et de parents b\u00e9n\u00e9voles qui aident \u00e0 maintenir la collection en ordre, lisent des histoires aux enfants, les aident \u00e0 choisir des livres et les assistent dans leurs projets de recherche. Nous am\u00e9liorons constamment notre biblioth\u00e8que avec de nouvelles acquisitions en anglais et en fran\u00e7ais. Nous voulons que notre biblioth\u00e8que soit un lieu accueillant pour tous.<br \/><br \/>En outre, nous b\u00e9n\u00e9ficions d'une collaboration \u00e9troite avec l'exceptionnelle biblioth\u00e8que de C\u00f4te Saint-Luc et nos classes s'y rendent au moins une fois par an. Les \u00e9l\u00e8ves de Bancroft peuvent devenir membres de la biblioth\u00e8que quelle que soit leur adresse! Parce que nous appartenons \u00e0 la CSEM, nous avons \u00e9galement acc\u00e8s aux ressources en ligne de la commission scolaire. Gr\u00e2ce \u00e0 tous ces partenaires \u00e0 l'\u00e9cole et dans la communaut\u00e9, l'acc\u00e8s \u00e0 des informations appropri\u00e9es et n\u00e9cessaires n'est jamais un probl\u00e8me pour les \u00e9l\u00e8ves de Bancroft et leurs familles.<\/p>\t\t\t\t\t\t\t\t<\/div>\n\t\t\t\t<\/div>\n\t\t\t\t\t<\/div>\n\t\t<\/div>\n\t\t\t\t<div class=\"elementor-column elementor-col-50 elementor-inner-column elementor-element elementor-element-5f0e942\" data-id=\"5f0e942\" data-element_type=\"column\" data-e-type=\"column\">\n\t\t\t<div class=\"elementor-widget-wrap elementor-element-populated\">\n\t\t\t\t\t\t<div class=\"elementor-element elementor-element-f81625e elementor-widget elementor-widget-heading\" data-id=\"f81625e\" data-element_type=\"widget\" data-e-type=\"widget\" data-widget_type=\"heading.default\">\n\t\t\t\t<div class=\"elementor-widget-container\">\n\t\t\t\t\t<h2 class=\"elementor-heading-title elementor-size-default\">Utilisation de la biblioth\u00e8que<\/h2>\t\t\t\t<\/div>\n\t\t\t\t<\/div>\n\t\t\t\t<div class=\"elementor-element elementor-element-7ffe6f5 elementor-widget elementor-widget-text-editor\" data-id=\"7ffe6f5\" data-element_type=\"widget\" data-e-type=\"widget\" data-widget_type=\"text-editor.default\">\n\t\t\t\t<div class=\"elementor-widget-container\">\n\t\t\t\t\t\t\t\t\t<p><strong>Responsabilit\u00e9s de l'\u00e9l\u00e8ve<\/strong><\/p><p>Les \u00e9l\u00e8ves doivent traiter la biblioth\u00e8que comme n'importe quelle salle de classe.<\/p><p><strong>Emprunts<\/strong><\/p><ul><li>Les \u00e9l\u00e8ves peuvent emprunter jusqu'\u00e0 <strong>2 articles<\/strong>\u00a0\u00e0 la fois<\/li><li>Les \u00e9l\u00e8ves peuvent emprunter pour une semaine<\/li><li>Les \u00e9l\u00e8ves peuvent renouveler les emprunts si n\u00e9cessaire.<\/li><\/ul><p><strong>Retours<\/strong><\/p><ul><li>Le mat\u00e9riel peut \u00eatre retourn\u00e9 pendant les heures d'ouverture<\/li><\/ul><p><strong>Livres perdus ou endommag\u00e9s<\/strong><\/p><ul><li>Les livres emprunt\u00e9s sont sous la responsabilit\u00e9 de l'\u00e9l\u00e8ve. Le parent ou le tuteur de l'\u00e9l\u00e8ve doit payer tout ou en partie le co\u00fbt de remplacement du livre perdu ou endommag\u00e9.<\/li><\/ul>\t\t\t\t\t\t\t\t<\/div>\n\t\t\t\t<\/div>\n\t\t\t\t\t<\/div>\n\t\t<\/div>\n\t\t\t\t\t<\/div>\n\t\t<\/section>\n\t\t\t\t\t<\/div>\n\t\t<\/div>\n\t\t\t\t\t<\/div>\n\t\t<\/section>\n\t\t\t\t<\/div>","protected":false},"excerpt":{"rendered":"<p>Bancroft Library Every classroom visits the library to borrow English and French books. Parent volunteers help the librarian by providing students with enriched visits to the library. Younger students have story time in English or French. Our library is fully automated and computers are available for students to search the online catalogue. We are always [&hellip;]<\/p>\n","protected":false},"author":3,"featured_media":0,"parent":0,"menu_order":0,"comment_status":"closed","ping_status":"closed","template":"","meta":{"site-sidebar-layout":"no-sidebar","site-content-layout":"page-builder","ast-site-content-layout":"full-width-container","site-content-style":"default","site-sidebar-style":"default","ast-global-header-display":"","ast-banner-title-visibility":"","ast-main-header-display":"","ast-hfb-above-header-display":"","ast-hfb-below-header-display":"","ast-hfb-mobile-header-display":"","site-post-title":"disabled","ast-breadcrumbs-content":"","ast-featured-img":"disabled","footer-sml-layout":"","ast-disable-related-posts":"","theme-transparent-header-meta":"default","adv-header-id-meta":"","stick-header-meta":"","header-above-stick-meta":"","header-main-stick-meta":"","header-below-stick-meta":"","astra-migrate-meta-layouts":"set","ast-page-background-enabled":"default","ast-page-background-meta":{"desktop":{"background-color":"var(--ast-global-color-4)","background-image":"","background-repeat":"repeat","background-position":"center center","background-size":"auto","background-attachment":"scroll","background-type":"","background-media":"","overlay-type":"","overlay-color":"","overlay-opacity":"","overlay-gradient":""},"tablet":{"background-color":"","background-image":"","background-repeat":"repeat","background-position":"center center","background-size":"auto","background-attachment":"scroll","background-type":"","background-media":"","overlay-type":"","overlay-color":"","overlay-opacity":"","overlay-gradient":""},"mobile":{"background-color":"","background-image":"","background-repeat":"repeat","background-position":"center center","background-size":"auto","background-attachment":"scroll","background-type":"","background-media":"","overlay-type":"","overlay-color":"","overlay-opacity":"","overlay-gradient":""}},"ast-content-background-meta":{"desktop":{"background-color":"var(--ast-global-color-5)","background-image":"","background-repeat":"repeat","background-position":"center center","background-size":"auto","background-attachment":"scroll","background-type":"","background-media":"","overlay-type":"","overlay-color":"","overlay-opacity":"","overlay-gradient":""},"tablet":{"background-color":"var(--ast-global-color-5)","background-image":"","background-repeat":"repeat","background-position":"center center","background-size":"auto","background-attachment":"scroll","background-type":"","background-media":"","overlay-type":"","overlay-color":"","overlay-opacity":"","overlay-gradient":""},"mobile":{"background-color":"var(--ast-global-color-5)","background-image":"","background-repeat":"repeat","background-position":"center center","background-size":"auto","background-attachment":"scroll","background-type":"","background-media":"","overlay-type":"","overlay-color":"","overlay-opacity":"","overlay-gradient":""}},"footnotes":""},"class_list":["post-7110","page","type-page","status-publish","hentry"],"yoast_head":"<!-- This site is optimized with the Yoast SEO plugin v27.4 - https:\/\/yoast.com\/product\/yoast-seo-wordpress\/ -->\n<title>Bancroft Library - Bancroft Elementary School<\/title>\n<meta name=\"robots\" content=\"index, follow, max-snippet:-1, max-image-preview:large, max-video-preview:-1\" \/>\n<link rel=\"canonical\" href=\"https:\/\/bancroft.emsb.qc.ca\/fr\/library\/\" \/>\n<meta property=\"og:locale\" content=\"fr_FR\" \/>\n<meta property=\"og:type\" content=\"article\" \/>\n<meta property=\"og:title\" content=\"Bancroft Library - Bancroft Elementary School\" \/>\n<meta property=\"og:description\" content=\"Bancroft Library Every classroom visits the library to borrow English and French books. Parent volunteers help the librarian by providing students with enriched visits to the library. Younger students have story time in English or French. Our library is fully automated and computers are available for students to search the online catalogue. We are always [&hellip;]\" \/>\n<meta property=\"og:url\" content=\"https:\/\/bancroft.emsb.qc.ca\/fr\/library\/\" \/>\n<meta property=\"og:site_name\" content=\"Bancroft Elementary School\" \/>\n<meta property=\"article:modified_time\" content=\"2024-11-01T16:46:15+00:00\" \/>\n<meta name=\"twitter:card\" content=\"summary_large_image\" \/>\n<meta name=\"twitter:label1\" content=\"Dur\u00e9e de lecture estim\u00e9e\" \/>\n\t<meta name=\"twitter:data1\" content=\"2 minutes\" \/>\n<script type=\"application\/ld+json\" class=\"yoast-schema-graph\">{\"@context\":\"https:\\\/\\\/schema.org\",\"@graph\":[{\"@type\":\"WebPage\",\"@id\":\"https:\\\/\\\/bancroft.emsb.qc.ca\\\/library\\\/\",\"url\":\"https:\\\/\\\/bancroft.emsb.qc.ca\\\/library\\\/\",\"name\":\"Bancroft Library - Bancroft Elementary School\",\"isPartOf\":{\"@id\":\"https:\\\/\\\/bancroft.emsb.qc.ca\\\/#website\"},\"datePublished\":\"2023-10-26T14:58:51+00:00\",\"dateModified\":\"2024-11-01T16:46:15+00:00\",\"breadcrumb\":{\"@id\":\"https:\\\/\\\/bancroft.emsb.qc.ca\\\/library\\\/#breadcrumb\"},\"inLanguage\":\"fr-FR\",\"potentialAction\":[{\"@type\":\"ReadAction\",\"target\":[\"https:\\\/\\\/bancroft.emsb.qc.ca\\\/library\\\/\"]}]},{\"@type\":\"BreadcrumbList\",\"@id\":\"https:\\\/\\\/bancroft.emsb.qc.ca\\\/library\\\/#breadcrumb\",\"itemListElement\":[{\"@type\":\"ListItem\",\"position\":1,\"name\":\"Home\",\"item\":\"https:\\\/\\\/bancroft.emsb.qc.ca\\\/\"},{\"@type\":\"ListItem\",\"position\":2,\"name\":\"Bancroft Library\"}]},{\"@type\":\"WebSite\",\"@id\":\"https:\\\/\\\/bancroft.emsb.qc.ca\\\/#website\",\"url\":\"https:\\\/\\\/bancroft.emsb.qc.ca\\\/\",\"name\":\"Bancroft Elementary School\",\"description\":\"Bancroft Elementary School\",\"publisher\":{\"@id\":\"https:\\\/\\\/bancroft.emsb.qc.ca\\\/#organization\"},\"potentialAction\":[{\"@type\":\"SearchAction\",\"target\":{\"@type\":\"EntryPoint\",\"urlTemplate\":\"https:\\\/\\\/bancroft.emsb.qc.ca\\\/?s={search_term_string}\"},\"query-input\":{\"@type\":\"PropertyValueSpecification\",\"valueRequired\":true,\"valueName\":\"search_term_string\"}}],\"inLanguage\":\"fr-FR\"},{\"@type\":\"Organization\",\"@id\":\"https:\\\/\\\/bancroft.emsb.qc.ca\\\/#organization\",\"name\":\"Bancroft Elementary School\",\"url\":\"https:\\\/\\\/bancroft.emsb.qc.ca\\\/\",\"logo\":{\"@type\":\"ImageObject\",\"inLanguage\":\"fr-FR\",\"@id\":\"https:\\\/\\\/bancroft.emsb.qc.ca\\\/#\\\/schema\\\/logo\\\/image\\\/\",\"url\":\"https:\\\/\\\/bancroft.emsb.qc.ca\\\/wp-content\\\/uploads\\\/sites\\\/6\\\/2024\\\/06\\\/bancroft-crest.png\",\"contentUrl\":\"https:\\\/\\\/bancroft.emsb.qc.ca\\\/wp-content\\\/uploads\\\/sites\\\/6\\\/2024\\\/06\\\/bancroft-crest.png\",\"width\":1000,\"height\":944,\"caption\":\"Bancroft Elementary School\"},\"image\":{\"@id\":\"https:\\\/\\\/bancroft.emsb.qc.ca\\\/#\\\/schema\\\/logo\\\/image\\\/\"}}]}<\/script>\n<!-- \/ Yoast SEO plugin. -->","yoast_head_json":{"title":"Biblioth\u00e8que Bancroft - \u00c9cole primaire Bancroft","robots":{"index":"index","follow":"follow","max-snippet":"max-snippet:-1","max-image-preview":"max-image-preview:large","max-video-preview":"max-video-preview:-1"},"canonical":"https:\/\/bancroft.emsb.qc.ca\/fr\/library\/","og_locale":"fr_FR","og_type":"article","og_title":"Bancroft Library - Bancroft Elementary School","og_description":"Bancroft Library Every classroom visits the library to borrow English and French books. Parent volunteers help the librarian by providing students with enriched visits to the library. Younger students have story time in English or French. Our library is fully automated and computers are available for students to search the online catalogue. We are always [&hellip;]","og_url":"https:\/\/bancroft.emsb.qc.ca\/fr\/library\/","og_site_name":"Bancroft Elementary School","article_modified_time":"2024-11-01T16:46:15+00:00","twitter_card":"summary_large_image","twitter_misc":{"Dur\u00e9e de lecture estim\u00e9e":"2 minutes"},"schema":{"@context":"https:\/\/schema.org","@graph":[{"@type":"WebPage","@id":"https:\/\/bancroft.emsb.qc.ca\/library\/","url":"https:\/\/bancroft.emsb.qc.ca\/library\/","name":"Biblioth\u00e8que Bancroft - \u00c9cole primaire Bancroft","isPartOf":{"@id":"https:\/\/bancroft.emsb.qc.ca\/#website"},"datePublished":"2023-10-26T14:58:51+00:00","dateModified":"2024-11-01T16:46:15+00:00","breadcrumb":{"@id":"https:\/\/bancroft.emsb.qc.ca\/library\/#breadcrumb"},"inLanguage":"fr-FR","potentialAction":[{"@type":"ReadAction","target":["https:\/\/bancroft.emsb.qc.ca\/library\/"]}]},{"@type":"BreadcrumbList","@id":"https:\/\/bancroft.emsb.qc.ca\/library\/#breadcrumb","itemListElement":[{"@type":"ListItem","position":1,"name":"Home","item":"https:\/\/bancroft.emsb.qc.ca\/"},{"@type":"ListItem","position":2,"name":"Bancroft Library"}]},{"@type":"WebSite","@id":"https:\/\/bancroft.emsb.qc.ca\/#website","url":"https:\/\/bancroft.emsb.qc.ca\/","name":"\u00c9cole primaire Bancroft","description":"\u00c9cole primaire Bancroft","publisher":{"@id":"https:\/\/bancroft.emsb.qc.ca\/#organization"},"potentialAction":[{"@type":"SearchAction","target":{"@type":"EntryPoint","urlTemplate":"https:\/\/bancroft.emsb.qc.ca\/?s={search_term_string}"},"query-input":{"@type":"PropertyValueSpecification","valueRequired":true,"valueName":"search_term_string"}}],"inLanguage":"fr-FR"},{"@type":"Organization","@id":"https:\/\/bancroft.emsb.qc.ca\/#organization","name":"\u00c9cole primaire Bancroft","url":"https:\/\/bancroft.emsb.qc.ca\/","logo":{"@type":"ImageObject","inLanguage":"fr-FR","@id":"https:\/\/bancroft.emsb.qc.ca\/#\/schema\/logo\/image\/","url":"https:\/\/bancroft.emsb.qc.ca\/wp-content\/uploads\/sites\/6\/2024\/06\/bancroft-crest.png","contentUrl":"https:\/\/bancroft.emsb.qc.ca\/wp-content\/uploads\/sites\/6\/2024\/06\/bancroft-crest.png","width":1000,"height":944,"caption":"Bancroft Elementary School"},"image":{"@id":"https:\/\/bancroft.emsb.qc.ca\/#\/schema\/logo\/image\/"}}]}},"_links":{"self":[{"href":"https:\/\/bancroft.emsb.qc.ca\/fr\/wp-json\/wp\/v2\/pages\/7110","targetHints":{"allow":["GET"]}}],"collection":[{"href":"https:\/\/bancroft.emsb.qc.ca\/fr\/wp-json\/wp\/v2\/pages"}],"about":[{"href":"https:\/\/bancroft.emsb.qc.ca\/fr\/wp-json\/wp\/v2\/types\/page"}],"author":[{"embeddable":true,"href":"https:\/\/bancroft.emsb.qc.ca\/fr\/wp-json\/wp\/v2\/users\/3"}],"replies":[{"embeddable":true,"href":"https:\/\/bancroft.emsb.qc.ca\/fr\/wp-json\/wp\/v2\/comments?post=7110"}],"version-history":[{"count":45,"href":"https:\/\/bancroft.emsb.qc.ca\/fr\/wp-json\/wp\/v2\/pages\/7110\/revisions"}],"predecessor-version":[{"id":12128,"href":"https:\/\/bancroft.emsb.qc.ca\/fr\/wp-json\/wp\/v2\/pages\/7110\/revisions\/12128"}],"wp:attachment":[{"href":"https:\/\/bancroft.emsb.qc.ca\/fr\/wp-json\/wp\/v2\/media?parent=7110"}],"curies":[{"name":"wp","href":"https:\/\/api.w.org\/{rel}","templated":true}]}}