
{"id":6958,"date":"2023-10-11T15:37:26","date_gmt":"2023-10-11T19:37:26","guid":{"rendered":"https:\/\/marymount.emsbdev.com\/?page_id=6958"},"modified":"2024-08-26T08:57:42","modified_gmt":"2024-08-26T12:57:42","slug":"meq-elementary-education","status":"publish","type":"page","link":"https:\/\/bancroft.emsb.qc.ca\/fr\/meq-elementary-education\/","title":{"rendered":"MEQ - Enseignement primaire"},"content":{"rendered":"<div data-elementor-type=\"wp-page\" data-elementor-id=\"6958\" class=\"elementor elementor-6958\" data-elementor-post-type=\"page\">\n\t\t\t\t\t\t<section class=\"elementor-section elementor-top-section elementor-element elementor-element-1b5d6cb elementor-section-boxed elementor-section-height-default elementor-section-height-default\" data-id=\"1b5d6cb\" data-element_type=\"section\" data-e-type=\"section\" data-settings=\"{&quot;jet_parallax_layout_list&quot;:[]}\">\n\t\t\t\t\t\t<div class=\"elementor-container elementor-column-gap-default\">\n\t\t\t\t\t<div class=\"elementor-column elementor-col-100 elementor-top-column elementor-element elementor-element-e69d160\" data-id=\"e69d160\" data-element_type=\"column\" data-e-type=\"column\">\n\t\t\t<div class=\"elementor-widget-wrap elementor-element-populated\">\n\t\t\t\t\t\t<div class=\"elementor-element elementor-element-fe2e3c3 elementor-widget elementor-widget-heading\" data-id=\"fe2e3c3\" data-element_type=\"widget\" data-e-type=\"widget\" data-widget_type=\"heading.default\">\n\t\t\t\t<div class=\"elementor-widget-container\">\n\t\t\t\t\t<h2 class=\"elementor-heading-title elementor-size-default\">MEQ - Programme d'enseignement primaire<\/h2>\t\t\t\t<\/div>\n\t\t\t\t<\/div>\n\t\t\t\t\t<\/div>\n\t\t<\/div>\n\t\t\t\t\t<\/div>\n\t\t<\/section>\n\t\t\t\t<section class=\"elementor-section elementor-top-section elementor-element elementor-element-f934624 elementor-section-boxed elementor-section-height-default elementor-section-height-default\" data-id=\"f934624\" data-element_type=\"section\" data-e-type=\"section\" data-settings=\"{&quot;jet_parallax_layout_list&quot;:[]}\">\n\t\t\t\t\t\t<div class=\"elementor-container elementor-column-gap-default\">\n\t\t\t\t\t<div class=\"elementor-column elementor-col-100 elementor-top-column elementor-element elementor-element-aa1a828\" data-id=\"aa1a828\" data-element_type=\"column\" data-e-type=\"column\">\n\t\t\t<div class=\"elementor-widget-wrap elementor-element-populated\">\n\t\t\t\t\t\t<div class=\"elementor-element elementor-element-7698d4b elementor-widget elementor-widget-text-editor\" data-id=\"7698d4b\" data-element_type=\"widget\" data-e-type=\"widget\" data-widget_type=\"text-editor.default\">\n\t\t\t\t<div class=\"elementor-widget-container\">\n\t\t\t\t\t\t\t\t\t<p>Le site\u00a0<a title=\"Le lien externe MEES s&#039;ouvre dans une nouvelle page\" href=\"https:\/\/www.quebec.ca\/education\/prescolaire-primaire-et-secondaire\/programme-formation-ecole-quebecoise\" target=\"_blank\" rel=\"noopener\">Programme de formation de l'\u00e9cole qu\u00e9b\u00e9coise (PFEQ)<\/a>\u00a0r\u00e9partit l\u2019enseignement primaire en trois cycles de deux ans ax\u00e9s sur le d\u00e9veloppement de comp\u00e9tences \u00e0 long terme. Ce cadre de formation s\u2019adapte au rythme d\u2019apprentissage des \u00e9l\u00e8ves et favorise la diff\u00e9renciation p\u00e9dagogique.<\/p><p><strong>Le PFEQ est con\u00e7u comme un syst\u00e8me qui s\u2019articule autour de trois \u00e9l\u00e9ments int\u00e9gratifs : domaines g\u00e9n\u00e9raux de formation, comp\u00e9tences transversales et domaines d\u2019apprentissage disciplinaires.<\/strong>\u00a0Sa structure vise \u00e0 faciliter l\u2019\u00e9tablissement de liens entre les diff\u00e9rentes parties qui le composent.<\/p><p>Le programme d\u2019enseignement primaire comprend\u00a0<strong>14 disciplines scolaires group\u00e9es sous cinq domaines d\u2019apprentissage:<\/strong><\/p><ul><li>Langues,<\/li><li>Math\u00e9matiques, sciences et technologies,<\/li><li>Arts,<\/li><li>D\u00e9veloppement de la personne,<\/li><li>Univers social.<\/li><\/ul><p><strong>Les domaines g\u00e9n\u00e9raux de formation<\/strong>\u00a0am\u00e8nent les \u00e9l\u00e8ves \u00e0 \u00e9tablir des liens entre leurs apprentissages scolaires et leur vie quotidienne, leur offrant l\u2019occasion de mieux comprendre diff\u00e9rents contextes de vie. Le PFEQ compte cinq domaines g\u00e9n\u00e9raux de formation :<\/p><ul><li>Sant\u00e9 et bien-\u00eatre,<\/li><li>Orientation et entrepreneuriat,<\/li><li>Environnement et consommation,<\/li><li>\u00c9ducation aux m\u00e9dias,<\/li><li>Vivre-ensemble et citoyennet\u00e9.<\/li><\/ul><p><strong>Les comp\u00e9tences transversales repr\u00e9sentent des buts communs \u00e0 l\u2019ensemble du curriculum.\u00a0<\/strong>Elles se d\u00e9ploient \u00e0 travers les divers domaines g\u00e9n\u00e9raux de formation et sont \u00e9troitement li\u00e9es aux domaines d\u2019apprentissage. Le PFEQ comprend neuf comp\u00e9tences transversales r\u00e9unies en quatre cat\u00e9gories :<\/p><ul><li>Ordre intellectuel : exploiter l\u2019information; r\u00e9soudre des probl\u00e8mes; exercer son jugement critique; mettre en \u0153uvre sa pens\u00e9e cr\u00e9atrice<\/li><li>Ordre m\u00e9thodologique : se donner des m\u00e9thodes de travail efficaces; exploiter les technologies de l\u2019information et de la communication<\/li><li>Ordre personnel et social : structurer son identit\u00e9; coop\u00e9rer<\/li><li>Ordre de la communication : communiquer de fa\u00e7on appropri\u00e9e<\/li><\/ul><p>La progression des apprentissages constitue un compl\u00e9ment \u00e0 chaque programme disciplinaire en apportant des pr\u00e9cisions sur les connaissances (savoirs essentiels) que les \u00e9l\u00e8ves doivent acqu\u00e9rir et \u00eatre capables d\u2019utiliser chaque ann\u00e9e du primaire. Il s\u2019agit d\u2019un outil qui est mis \u00e0 la disposition des enseignants pour les aider \u00e0 planifier leur enseignement et les apprentissages que feront leurs \u00e9l\u00e8ves.<\/p>\t\t\t\t\t\t\t\t<\/div>\n\t\t\t\t<\/div>\n\t\t\t\t\t<\/div>\n\t\t<\/div>\n\t\t\t\t\t<\/div>\n\t\t<\/section>\n\t\t\t\t<\/div>","protected":false},"excerpt":{"rendered":"<p>\/*! elementor &#8211; v3.23.0 &#8211; 05-08-2024 *\/ .elementor-heading-title{padding:0;margin:0;line-height:1}.elementor-widget-heading .elementor-heading-title[class*=elementor-size-]&gt;a{color:inherit;font-size:inherit;line-height:inherit}.elementor-widget-heading .elementor-heading-title.elementor-size-small{font-size:15px}.elementor-widget-heading .elementor-heading-title.elementor-size-medium{font-size:19px}.elementor-widget-heading .elementor-heading-title.elementor-size-large{font-size:29px}.elementor-widget-heading .elementor-heading-title.elementor-size-xl{font-size:39px}.elementor-widget-heading .elementor-heading-title.elementor-size-xxl{font-size:59px} MEQ \u2013 Elementary Education Program The\u00a0Quebec Education Program (QEP)\u00a0divides elementary education into three two-year cycles. This organizational model takes into account the need for a long-term approach in developing competencies. It corresponds better to the students\u2019 learning rate and permits more [&hellip;]<\/p>\n","protected":false},"author":3,"featured_media":0,"parent":0,"menu_order":0,"comment_status":"closed","ping_status":"closed","template":"","meta":{"site-sidebar-layout":"no-sidebar","site-content-layout":"page-builder","ast-site-content-layout":"full-width-container","site-content-style":"unboxed","site-sidebar-style":"unboxed","ast-global-header-display":"","ast-banner-title-visibility":"","ast-main-header-display":"","ast-hfb-above-header-display":"","ast-hfb-below-header-display":"","ast-hfb-mobile-header-display":"","site-post-title":"disabled","ast-breadcrumbs-content":"","ast-featured-img":"disabled","footer-sml-layout":"","ast-disable-related-posts":"","theme-transparent-header-meta":"default","adv-header-id-meta":"","stick-header-meta":"","header-above-stick-meta":"","header-main-stick-meta":"","header-below-stick-meta":"","astra-migrate-meta-layouts":"set","ast-page-background-enabled":"default","ast-page-background-meta":{"desktop":{"background-color":"var(--ast-global-color-4)","background-image":"","background-repeat":"repeat","background-position":"center center","background-size":"auto","background-attachment":"scroll","background-type":"","background-media":"","overlay-type":"","overlay-color":"","overlay-opacity":"","overlay-gradient":""},"tablet":{"background-color":"","background-image":"","background-repeat":"repeat","background-position":"center center","background-size":"auto","background-attachment":"scroll","background-type":"","background-media":"","overlay-type":"","overlay-color":"","overlay-opacity":"","overlay-gradient":""},"mobile":{"background-color":"","background-image":"","background-repeat":"repeat","background-position":"center center","background-size":"auto","background-attachment":"scroll","background-type":"","background-media":"","overlay-type":"","overlay-color":"","overlay-opacity":"","overlay-gradient":""}},"ast-content-background-meta":{"desktop":{"background-color":"var(--ast-global-color-5)","background-image":"","background-repeat":"repeat","background-position":"center center","background-size":"auto","background-attachment":"scroll","background-type":"","background-media":"","overlay-type":"","overlay-color":"","overlay-opacity":"","overlay-gradient":""},"tablet":{"background-color":"var(--ast-global-color-5)","background-image":"","background-repeat":"repeat","background-position":"center center","background-size":"auto","background-attachment":"scroll","background-type":"","background-media":"","overlay-type":"","overlay-color":"","overlay-opacity":"","overlay-gradient":""},"mobile":{"background-color":"var(--ast-global-color-5)","background-image":"","background-repeat":"repeat","background-position":"center center","background-size":"auto","background-attachment":"scroll","background-type":"","background-media":"","overlay-type":"","overlay-color":"","overlay-opacity":"","overlay-gradient":""}},"footnotes":""},"class_list":["post-6958","page","type-page","status-publish","hentry"],"yoast_head":"<!-- This site is optimized with the Yoast SEO plugin v27.4 - https:\/\/yoast.com\/product\/yoast-seo-wordpress\/ -->\n<title>MEQ - Elementary Education - Bancroft Elementary School<\/title>\n<meta name=\"robots\" content=\"index, follow, max-snippet:-1, max-image-preview:large, max-video-preview:-1\" \/>\n<link rel=\"canonical\" href=\"https:\/\/bancroft.emsb.qc.ca\/fr\/meq-elementary-education\/\" \/>\n<meta property=\"og:locale\" content=\"fr_FR\" \/>\n<meta property=\"og:type\" content=\"article\" \/>\n<meta property=\"og:title\" content=\"MEQ - Elementary Education - Bancroft Elementary School\" \/>\n<meta property=\"og:description\" content=\"\/*! elementor &#8211; v3.23.0 &#8211; 05-08-2024 *\/ .elementor-heading-title{padding:0;margin:0;line-height:1}.elementor-widget-heading .elementor-heading-title[class*=elementor-size-]&gt;a{color:inherit;font-size:inherit;line-height:inherit}.elementor-widget-heading .elementor-heading-title.elementor-size-small{font-size:15px}.elementor-widget-heading .elementor-heading-title.elementor-size-medium{font-size:19px}.elementor-widget-heading .elementor-heading-title.elementor-size-large{font-size:29px}.elementor-widget-heading .elementor-heading-title.elementor-size-xl{font-size:39px}.elementor-widget-heading .elementor-heading-title.elementor-size-xxl{font-size:59px} MEQ \u2013 Elementary Education Program The\u00a0Quebec Education Program (QEP)\u00a0divides elementary education into three two-year cycles. This organizational model takes into account the need for a long-term approach in developing competencies. It corresponds better to the students\u2019 learning rate and permits more [&hellip;]\" \/>\n<meta property=\"og:url\" content=\"https:\/\/bancroft.emsb.qc.ca\/fr\/meq-elementary-education\/\" \/>\n<meta property=\"og:site_name\" content=\"Bancroft Elementary School\" \/>\n<meta property=\"article:modified_time\" content=\"2024-08-26T12:57:42+00:00\" \/>\n<meta name=\"twitter:card\" content=\"summary_large_image\" \/>\n<meta name=\"twitter:label1\" content=\"Dur\u00e9e de lecture estim\u00e9e\" \/>\n\t<meta name=\"twitter:data1\" content=\"2 minutes\" \/>\n<script type=\"application\/ld+json\" class=\"yoast-schema-graph\">{\"@context\":\"https:\\\/\\\/schema.org\",\"@graph\":[{\"@type\":\"WebPage\",\"@id\":\"https:\\\/\\\/bancroft.emsb.qc.ca\\\/meq-elementary-education\\\/\",\"url\":\"https:\\\/\\\/bancroft.emsb.qc.ca\\\/meq-elementary-education\\\/\",\"name\":\"MEQ - Elementary Education - Bancroft Elementary School\",\"isPartOf\":{\"@id\":\"https:\\\/\\\/bancroft.emsb.qc.ca\\\/#website\"},\"datePublished\":\"2023-10-11T19:37:26+00:00\",\"dateModified\":\"2024-08-26T12:57:42+00:00\",\"breadcrumb\":{\"@id\":\"https:\\\/\\\/bancroft.emsb.qc.ca\\\/meq-elementary-education\\\/#breadcrumb\"},\"inLanguage\":\"fr-FR\",\"potentialAction\":[{\"@type\":\"ReadAction\",\"target\":[\"https:\\\/\\\/bancroft.emsb.qc.ca\\\/meq-elementary-education\\\/\"]}]},{\"@type\":\"BreadcrumbList\",\"@id\":\"https:\\\/\\\/bancroft.emsb.qc.ca\\\/meq-elementary-education\\\/#breadcrumb\",\"itemListElement\":[{\"@type\":\"ListItem\",\"position\":1,\"name\":\"Home\",\"item\":\"https:\\\/\\\/bancroft.emsb.qc.ca\\\/\"},{\"@type\":\"ListItem\",\"position\":2,\"name\":\"MEQ &#8211; Elementary Education\"}]},{\"@type\":\"WebSite\",\"@id\":\"https:\\\/\\\/bancroft.emsb.qc.ca\\\/#website\",\"url\":\"https:\\\/\\\/bancroft.emsb.qc.ca\\\/\",\"name\":\"Bancroft Elementary School\",\"description\":\"Bancroft Elementary School\",\"publisher\":{\"@id\":\"https:\\\/\\\/bancroft.emsb.qc.ca\\\/#organization\"},\"potentialAction\":[{\"@type\":\"SearchAction\",\"target\":{\"@type\":\"EntryPoint\",\"urlTemplate\":\"https:\\\/\\\/bancroft.emsb.qc.ca\\\/?s={search_term_string}\"},\"query-input\":{\"@type\":\"PropertyValueSpecification\",\"valueRequired\":true,\"valueName\":\"search_term_string\"}}],\"inLanguage\":\"fr-FR\"},{\"@type\":\"Organization\",\"@id\":\"https:\\\/\\\/bancroft.emsb.qc.ca\\\/#organization\",\"name\":\"Bancroft Elementary School\",\"url\":\"https:\\\/\\\/bancroft.emsb.qc.ca\\\/\",\"logo\":{\"@type\":\"ImageObject\",\"inLanguage\":\"fr-FR\",\"@id\":\"https:\\\/\\\/bancroft.emsb.qc.ca\\\/#\\\/schema\\\/logo\\\/image\\\/\",\"url\":\"https:\\\/\\\/bancroft.emsb.qc.ca\\\/wp-content\\\/uploads\\\/sites\\\/6\\\/2024\\\/06\\\/bancroft-crest.png\",\"contentUrl\":\"https:\\\/\\\/bancroft.emsb.qc.ca\\\/wp-content\\\/uploads\\\/sites\\\/6\\\/2024\\\/06\\\/bancroft-crest.png\",\"width\":1000,\"height\":944,\"caption\":\"Bancroft Elementary School\"},\"image\":{\"@id\":\"https:\\\/\\\/bancroft.emsb.qc.ca\\\/#\\\/schema\\\/logo\\\/image\\\/\"}}]}<\/script>\n<!-- \/ Yoast SEO plugin. -->","yoast_head_json":{"title":"MEQ - Enseignement primaire - \u00c9cole primaire Bancroft","robots":{"index":"index","follow":"follow","max-snippet":"max-snippet:-1","max-image-preview":"max-image-preview:large","max-video-preview":"max-video-preview:-1"},"canonical":"https:\/\/bancroft.emsb.qc.ca\/fr\/meq-elementary-education\/","og_locale":"fr_FR","og_type":"article","og_title":"MEQ - Elementary Education - Bancroft Elementary School","og_description":"\/*! elementor &#8211; v3.23.0 &#8211; 05-08-2024 *\/ .elementor-heading-title{padding:0;margin:0;line-height:1}.elementor-widget-heading .elementor-heading-title[class*=elementor-size-]&gt;a{color:inherit;font-size:inherit;line-height:inherit}.elementor-widget-heading .elementor-heading-title.elementor-size-small{font-size:15px}.elementor-widget-heading .elementor-heading-title.elementor-size-medium{font-size:19px}.elementor-widget-heading .elementor-heading-title.elementor-size-large{font-size:29px}.elementor-widget-heading .elementor-heading-title.elementor-size-xl{font-size:39px}.elementor-widget-heading .elementor-heading-title.elementor-size-xxl{font-size:59px} MEQ \u2013 Elementary Education Program The\u00a0Quebec Education Program (QEP)\u00a0divides elementary education into three two-year cycles. This organizational model takes into account the need for a long-term approach in developing competencies. It corresponds better to the students\u2019 learning rate and permits more [&hellip;]","og_url":"https:\/\/bancroft.emsb.qc.ca\/fr\/meq-elementary-education\/","og_site_name":"Bancroft Elementary School","article_modified_time":"2024-08-26T12:57:42+00:00","twitter_card":"summary_large_image","twitter_misc":{"Dur\u00e9e de lecture estim\u00e9e":"2 minutes"},"schema":{"@context":"https:\/\/schema.org","@graph":[{"@type":"WebPage","@id":"https:\/\/bancroft.emsb.qc.ca\/meq-elementary-education\/","url":"https:\/\/bancroft.emsb.qc.ca\/meq-elementary-education\/","name":"MEQ - Enseignement primaire - \u00c9cole primaire Bancroft","isPartOf":{"@id":"https:\/\/bancroft.emsb.qc.ca\/#website"},"datePublished":"2023-10-11T19:37:26+00:00","dateModified":"2024-08-26T12:57:42+00:00","breadcrumb":{"@id":"https:\/\/bancroft.emsb.qc.ca\/meq-elementary-education\/#breadcrumb"},"inLanguage":"fr-FR","potentialAction":[{"@type":"ReadAction","target":["https:\/\/bancroft.emsb.qc.ca\/meq-elementary-education\/"]}]},{"@type":"BreadcrumbList","@id":"https:\/\/bancroft.emsb.qc.ca\/meq-elementary-education\/#breadcrumb","itemListElement":[{"@type":"ListItem","position":1,"name":"Home","item":"https:\/\/bancroft.emsb.qc.ca\/"},{"@type":"ListItem","position":2,"name":"MEQ &#8211; Elementary Education"}]},{"@type":"WebSite","@id":"https:\/\/bancroft.emsb.qc.ca\/#website","url":"https:\/\/bancroft.emsb.qc.ca\/","name":"\u00c9cole primaire Bancroft","description":"\u00c9cole primaire Bancroft","publisher":{"@id":"https:\/\/bancroft.emsb.qc.ca\/#organization"},"potentialAction":[{"@type":"SearchAction","target":{"@type":"EntryPoint","urlTemplate":"https:\/\/bancroft.emsb.qc.ca\/?s={search_term_string}"},"query-input":{"@type":"PropertyValueSpecification","valueRequired":true,"valueName":"search_term_string"}}],"inLanguage":"fr-FR"},{"@type":"Organization","@id":"https:\/\/bancroft.emsb.qc.ca\/#organization","name":"\u00c9cole primaire Bancroft","url":"https:\/\/bancroft.emsb.qc.ca\/","logo":{"@type":"ImageObject","inLanguage":"fr-FR","@id":"https:\/\/bancroft.emsb.qc.ca\/#\/schema\/logo\/image\/","url":"https:\/\/bancroft.emsb.qc.ca\/wp-content\/uploads\/sites\/6\/2024\/06\/bancroft-crest.png","contentUrl":"https:\/\/bancroft.emsb.qc.ca\/wp-content\/uploads\/sites\/6\/2024\/06\/bancroft-crest.png","width":1000,"height":944,"caption":"Bancroft Elementary School"},"image":{"@id":"https:\/\/bancroft.emsb.qc.ca\/#\/schema\/logo\/image\/"}}]}},"_links":{"self":[{"href":"https:\/\/bancroft.emsb.qc.ca\/fr\/wp-json\/wp\/v2\/pages\/6958","targetHints":{"allow":["GET"]}}],"collection":[{"href":"https:\/\/bancroft.emsb.qc.ca\/fr\/wp-json\/wp\/v2\/pages"}],"about":[{"href":"https:\/\/bancroft.emsb.qc.ca\/fr\/wp-json\/wp\/v2\/types\/page"}],"author":[{"embeddable":true,"href":"https:\/\/bancroft.emsb.qc.ca\/fr\/wp-json\/wp\/v2\/users\/3"}],"replies":[{"embeddable":true,"href":"https:\/\/bancroft.emsb.qc.ca\/fr\/wp-json\/wp\/v2\/comments?post=6958"}],"version-history":[{"count":45,"href":"https:\/\/bancroft.emsb.qc.ca\/fr\/wp-json\/wp\/v2\/pages\/6958\/revisions"}],"predecessor-version":[{"id":11550,"href":"https:\/\/bancroft.emsb.qc.ca\/fr\/wp-json\/wp\/v2\/pages\/6958\/revisions\/11550"}],"wp:attachment":[{"href":"https:\/\/bancroft.emsb.qc.ca\/fr\/wp-json\/wp\/v2\/media?parent=6958"}],"curies":[{"name":"wp","href":"https:\/\/api.w.org\/{rel}","templated":true}]}}