
{"id":6875,"date":"2023-10-11T14:23:27","date_gmt":"2023-10-11T18:23:27","guid":{"rendered":"https:\/\/marymount.emsbdev.com\/?page_id=6875"},"modified":"2025-07-10T11:52:23","modified_gmt":"2025-07-10T15:52:23","slug":"school-fees","status":"publish","type":"page","link":"https:\/\/bancroft.emsb.qc.ca\/fr\/school-fees\/","title":{"rendered":"Frais de scolarit\u00e9"},"content":{"rendered":"<div data-elementor-type=\"wp-page\" data-elementor-id=\"6875\" class=\"elementor elementor-6875\" data-elementor-post-type=\"page\">\n\t\t\t\t\t\t<section class=\"elementor-section elementor-top-section elementor-element elementor-element-e0b46d5 elementor-section-boxed elementor-section-height-default elementor-section-height-default\" data-id=\"e0b46d5\" data-element_type=\"section\" data-e-type=\"section\" data-settings=\"{&quot;jet_parallax_layout_list&quot;:[]}\">\n\t\t\t\t\t\t<div class=\"elementor-container elementor-column-gap-default\">\n\t\t\t\t\t<div class=\"elementor-column elementor-col-100 elementor-top-column elementor-element elementor-element-fc314b6\" data-id=\"fc314b6\" data-element_type=\"column\" data-e-type=\"column\">\n\t\t\t<div class=\"elementor-widget-wrap elementor-element-populated\">\n\t\t\t\t\t\t<div class=\"elementor-element elementor-element-c2e4bc3 elementor-widget elementor-widget-image\" data-id=\"c2e4bc3\" data-element_type=\"widget\" data-e-type=\"widget\" data-widget_type=\"image.default\">\n\t\t\t\t<div class=\"elementor-widget-container\">\n\t\t\t\t\t\t\t\t\t\t\t\t\t\t\t<img fetchpriority=\"high\" decoding=\"async\" width=\"1920\" height=\"350\" src=\"https:\/\/bancroft.emsb.qc.ca\/wp-content\/uploads\/sites\/6\/2024\/06\/bancroft-banner-1920x350-2.jpg\" class=\"attachment-full size-full wp-image-11244\" alt=\"\" srcset=\"https:\/\/bancroft.emsb.qc.ca\/wp-content\/uploads\/sites\/6\/2024\/06\/bancroft-banner-1920x350-2.jpg 1920w, https:\/\/bancroft.emsb.qc.ca\/wp-content\/uploads\/sites\/6\/2024\/06\/bancroft-banner-1920x350-2-300x55.jpg 300w, https:\/\/bancroft.emsb.qc.ca\/wp-content\/uploads\/sites\/6\/2024\/06\/bancroft-banner-1920x350-2-1024x187.jpg 1024w, https:\/\/bancroft.emsb.qc.ca\/wp-content\/uploads\/sites\/6\/2024\/06\/bancroft-banner-1920x350-2-768x140.jpg 768w, https:\/\/bancroft.emsb.qc.ca\/wp-content\/uploads\/sites\/6\/2024\/06\/bancroft-banner-1920x350-2-1536x280.jpg 1536w, https:\/\/bancroft.emsb.qc.ca\/wp-content\/uploads\/sites\/6\/2024\/06\/bancroft-banner-1920x350-2-18x3.jpg 18w\" sizes=\"(max-width: 1920px) 100vw, 1920px\" \/>\t\t\t\t\t\t\t\t\t\t\t\t\t\t\t<\/div>\n\t\t\t\t<\/div>\n\t\t\t\t<div class=\"elementor-element elementor-element-e272d46 elementor-widget elementor-widget-heading\" data-id=\"e272d46\" data-element_type=\"widget\" data-e-type=\"widget\" data-widget_type=\"heading.default\">\n\t\t\t\t<div class=\"elementor-widget-container\">\n\t\t\t\t\t<h2 class=\"elementor-heading-title elementor-size-default\">Frais de scolarit\u00e9<\/h2>\t\t\t\t<\/div>\n\t\t\t\t<\/div>\n\t\t\t\t\t<\/div>\n\t\t<\/div>\n\t\t\t\t\t<\/div>\n\t\t<\/section>\n\t\t\t\t<section class=\"elementor-section elementor-top-section elementor-element elementor-element-a4fc2e1 elementor-section-boxed elementor-section-height-default elementor-section-height-default\" data-id=\"a4fc2e1\" data-element_type=\"section\" data-e-type=\"section\" data-settings=\"{&quot;jet_parallax_layout_list&quot;:[]}\">\n\t\t\t\t\t\t<div class=\"elementor-container elementor-column-gap-default\">\n\t\t\t\t\t<div class=\"elementor-column elementor-col-100 elementor-top-column elementor-element elementor-element-d5948c9\" data-id=\"d5948c9\" data-element_type=\"column\" data-e-type=\"column\">\n\t\t\t<div class=\"elementor-widget-wrap elementor-element-populated\">\n\t\t\t\t\t\t<div class=\"elementor-element elementor-element-b1e7520 elementor-widget elementor-widget-text-editor\" data-id=\"b1e7520\" data-element_type=\"widget\" data-e-type=\"widget\" data-widget_type=\"text-editor.default\">\n\t\t\t\t<div class=\"elementor-widget-container\">\n\t\t\t\t\t\t\t\t\t<p>En tant une \u00e9cole publique, l'\u00e9cole Bancroft ne facture pas de frais de scolarit\u00e9 aux \u00e9l\u00e8ves et accueille gratuitement tous les enfants. Cependant, il existe divers frais suppl\u00e9mentaires pour les consommables et la supervision en dehors des heures d'enseignement qui ne sont pas couverts par notre budget. Ces frais permettent \u00e0 l'\u00e9cole d'\u00e9largir son offre aux \u00e9l\u00e8ves et d'offrir une flexibilit\u00e9 suppl\u00e9mentaire aux parents qui travaillent.<\/p><p>Veuillez noter que des frais suppl\u00e9mentaires peuvent \u00eatre factur\u00e9s pour les excursions et autres activit\u00e9s se d\u00e9roulant pendant les heures de cours. Vous recevrez une notification de l'\u00e9cole avant que ces activit\u00e9s n'aient lieu.<\/p><p>Les frais non pay\u00e9s ou impay\u00e9s peuvent entra\u00eener l'exclusion de votre enfant des activit\u00e9s parascolaires, c'est pourquoi nous vous demandons de bien vouloir effectuer le paiement de tous les frais dans les plus brefs d\u00e9lais. Vous pouvez faire parvenir votre paiement en le remettant \u00e0 votre enfant sous forme de ch\u00e8que (\u00e0 l'ordre de l'\u00e9cole Bancroft) ou en esp\u00e8ces avant la date limite indiqu\u00e9e sur l'avis de paiement des frais.<\/p>\t\t\t\t\t\t\t\t<\/div>\n\t\t\t\t<\/div>\n\t\t\t\t<div class=\"elementor-element elementor-element-b42aa2b elementor-align-justify elementor-widget elementor-widget-button\" data-id=\"b42aa2b\" data-element_type=\"widget\" data-e-type=\"widget\" data-widget_type=\"button.default\">\n\t\t\t\t<div class=\"elementor-widget-container\">\n\t\t\t\t\t\t\t\t\t<div class=\"elementor-button-wrapper\">\n\t\t\t\t\t<a class=\"elementor-button elementor-button-link elementor-size-xs\" href=\"https:\/\/bancroft.emsb.qc.ca\/wp-content\/uploads\/sites\/6\/2025\/07\/2025-2026-Bancroft-School-Fees.pdf\" target=\"_blank\">\n\t\t\t\t\t\t<span class=\"elementor-button-content-wrapper\">\n\t\t\t\t\t\t\t\t\t<span class=\"elementor-button-text\">Frais de scolarit\u00e9 de l'\u00e9cole Bancroft 2025-2026<\/span>\n\t\t\t\t\t<\/span>\n\t\t\t\t\t<\/a>\n\t\t\t\t<\/div>\n\t\t\t\t\t\t\t\t<\/div>\n\t\t\t\t<\/div>\n\t\t\t\t\t<\/div>\n\t\t<\/div>\n\t\t\t\t\t<\/div>\n\t\t<\/section>\n\t\t\t\t<\/div>","protected":false},"excerpt":{"rendered":"<p>School Fees As a public school, Bancroft School does not charge any tuition fees to students and welcomes all children for free. However, they are various additional fees for consumables and supervision outside of teaching hours not covered by our budget. These fees allow Bancroft to broaden its offerings to students, and give additional flexibility [&hellip;]<\/p>\n","protected":false},"author":3,"featured_media":0,"parent":0,"menu_order":0,"comment_status":"closed","ping_status":"closed","template":"","meta":{"site-sidebar-layout":"no-sidebar","site-content-layout":"page-builder","ast-site-content-layout":"default","site-content-style":"default","site-sidebar-style":"default","ast-global-header-display":"","ast-banner-title-visibility":"","ast-main-header-display":"","ast-hfb-above-header-display":"","ast-hfb-below-header-display":"","ast-hfb-mobile-header-display":"","site-post-title":"disabled","ast-breadcrumbs-content":"","ast-featured-img":"disabled","footer-sml-layout":"","ast-disable-related-posts":"","theme-transparent-header-meta":"default","adv-header-id-meta":"","stick-header-meta":"","header-above-stick-meta":"","header-main-stick-meta":"","header-below-stick-meta":"","astra-migrate-meta-layouts":"set","ast-page-background-enabled":"default","ast-page-background-meta":{"desktop":{"background-color":"var(--ast-global-color-4)","background-image":"","background-repeat":"repeat","background-position":"center center","background-size":"auto","background-attachment":"scroll","background-type":"","background-media":"","overlay-type":"","overlay-color":"","overlay-opacity":"","overlay-gradient":""},"tablet":{"background-color":"","background-image":"","background-repeat":"repeat","background-position":"center center","background-size":"auto","background-attachment":"scroll","background-type":"","background-media":"","overlay-type":"","overlay-color":"","overlay-opacity":"","overlay-gradient":""},"mobile":{"background-color":"","background-image":"","background-repeat":"repeat","background-position":"center center","background-size":"auto","background-attachment":"scroll","background-type":"","background-media":"","overlay-type":"","overlay-color":"","overlay-opacity":"","overlay-gradient":""}},"ast-content-background-meta":{"desktop":{"background-color":"var(--ast-global-color-5)","background-image":"","background-repeat":"repeat","background-position":"center center","background-size":"auto","background-attachment":"scroll","background-type":"","background-media":"","overlay-type":"","overlay-color":"","overlay-opacity":"","overlay-gradient":""},"tablet":{"background-color":"var(--ast-global-color-5)","background-image":"","background-repeat":"repeat","background-position":"center center","background-size":"auto","background-attachment":"scroll","background-type":"","background-media":"","overlay-type":"","overlay-color":"","overlay-opacity":"","overlay-gradient":""},"mobile":{"background-color":"var(--ast-global-color-5)","background-image":"","background-repeat":"repeat","background-position":"center center","background-size":"auto","background-attachment":"scroll","background-type":"","background-media":"","overlay-type":"","overlay-color":"","overlay-opacity":"","overlay-gradient":""}},"footnotes":""},"class_list":["post-6875","page","type-page","status-publish","hentry"],"yoast_head":"<!-- This site is optimized with the Yoast SEO plugin v27.3 - https:\/\/yoast.com\/product\/yoast-seo-wordpress\/ -->\n<title>Bancroft School Fees - Bancroft Elementary School<\/title>\n<meta name=\"robots\" content=\"index, follow, max-snippet:-1, max-image-preview:large, max-video-preview:-1\" \/>\n<link rel=\"canonical\" href=\"https:\/\/bancroft.emsb.qc.ca\/fr\/school-fees\/\" \/>\n<meta property=\"og:locale\" content=\"fr_FR\" \/>\n<meta property=\"og:type\" content=\"article\" \/>\n<meta property=\"og:title\" content=\"Bancroft School Fees - Bancroft Elementary School\" \/>\n<meta property=\"og:description\" content=\"School Fees As a public school, Bancroft School does not charge any tuition fees to students and welcomes all children for free. However, they are various additional fees for consumables and supervision outside of teaching hours not covered by our budget. These fees allow Bancroft to broaden its offerings to students, and give additional flexibility [&hellip;]\" \/>\n<meta property=\"og:url\" content=\"https:\/\/bancroft.emsb.qc.ca\/fr\/school-fees\/\" \/>\n<meta property=\"og:site_name\" content=\"Bancroft Elementary School\" \/>\n<meta property=\"article:modified_time\" content=\"2025-07-10T15:52:23+00:00\" \/>\n<meta property=\"og:image\" content=\"https:\/\/bancroft.emsb.qc.ca\/wp-content\/uploads\/sites\/6\/2024\/06\/bancroft-banner-1920x350-2.jpg\" \/>\n\t<meta property=\"og:image:width\" content=\"1920\" \/>\n\t<meta property=\"og:image:height\" content=\"350\" \/>\n\t<meta property=\"og:image:type\" content=\"image\/jpeg\" \/>\n<meta name=\"twitter:card\" content=\"summary_large_image\" \/>\n<meta name=\"twitter:label1\" content=\"Dur\u00e9e de lecture estim\u00e9e\" \/>\n\t<meta name=\"twitter:data1\" content=\"1 minute\" \/>\n<script type=\"application\/ld+json\" class=\"yoast-schema-graph\">{\"@context\":\"https:\\\/\\\/schema.org\",\"@graph\":[{\"@type\":\"WebPage\",\"@id\":\"https:\\\/\\\/bancroft.emsb.qc.ca\\\/school-fees\\\/\",\"url\":\"https:\\\/\\\/bancroft.emsb.qc.ca\\\/school-fees\\\/\",\"name\":\"Bancroft School Fees - Bancroft Elementary School\",\"isPartOf\":{\"@id\":\"https:\\\/\\\/bancroft.emsb.qc.ca\\\/#website\"},\"primaryImageOfPage\":{\"@id\":\"https:\\\/\\\/bancroft.emsb.qc.ca\\\/school-fees\\\/#primaryimage\"},\"image\":{\"@id\":\"https:\\\/\\\/bancroft.emsb.qc.ca\\\/school-fees\\\/#primaryimage\"},\"thumbnailUrl\":\"https:\\\/\\\/bancroft.emsb.qc.ca\\\/wp-content\\\/uploads\\\/sites\\\/6\\\/2024\\\/06\\\/bancroft-banner-1920x350-2.jpg\",\"datePublished\":\"2023-10-11T18:23:27+00:00\",\"dateModified\":\"2025-07-10T15:52:23+00:00\",\"breadcrumb\":{\"@id\":\"https:\\\/\\\/bancroft.emsb.qc.ca\\\/school-fees\\\/#breadcrumb\"},\"inLanguage\":\"fr-FR\",\"potentialAction\":[{\"@type\":\"ReadAction\",\"target\":[\"https:\\\/\\\/bancroft.emsb.qc.ca\\\/school-fees\\\/\"]}]},{\"@type\":\"ImageObject\",\"inLanguage\":\"fr-FR\",\"@id\":\"https:\\\/\\\/bancroft.emsb.qc.ca\\\/school-fees\\\/#primaryimage\",\"url\":\"https:\\\/\\\/bancroft.emsb.qc.ca\\\/wp-content\\\/uploads\\\/sites\\\/6\\\/2024\\\/06\\\/bancroft-banner-1920x350-2.jpg\",\"contentUrl\":\"https:\\\/\\\/bancroft.emsb.qc.ca\\\/wp-content\\\/uploads\\\/sites\\\/6\\\/2024\\\/06\\\/bancroft-banner-1920x350-2.jpg\"},{\"@type\":\"BreadcrumbList\",\"@id\":\"https:\\\/\\\/bancroft.emsb.qc.ca\\\/school-fees\\\/#breadcrumb\",\"itemListElement\":[{\"@type\":\"ListItem\",\"position\":1,\"name\":\"Home\",\"item\":\"https:\\\/\\\/bancroft.emsb.qc.ca\\\/\"},{\"@type\":\"ListItem\",\"position\":2,\"name\":\"Bancroft School Fees\"}]},{\"@type\":\"WebSite\",\"@id\":\"https:\\\/\\\/bancroft.emsb.qc.ca\\\/#website\",\"url\":\"https:\\\/\\\/bancroft.emsb.qc.ca\\\/\",\"name\":\"Bancroft Elementary School\",\"description\":\"Bancroft Elementary School\",\"publisher\":{\"@id\":\"https:\\\/\\\/bancroft.emsb.qc.ca\\\/#organization\"},\"potentialAction\":[{\"@type\":\"SearchAction\",\"target\":{\"@type\":\"EntryPoint\",\"urlTemplate\":\"https:\\\/\\\/bancroft.emsb.qc.ca\\\/?s={search_term_string}\"},\"query-input\":{\"@type\":\"PropertyValueSpecification\",\"valueRequired\":true,\"valueName\":\"search_term_string\"}}],\"inLanguage\":\"fr-FR\"},{\"@type\":\"Organization\",\"@id\":\"https:\\\/\\\/bancroft.emsb.qc.ca\\\/#organization\",\"name\":\"Bancroft Elementary School\",\"url\":\"https:\\\/\\\/bancroft.emsb.qc.ca\\\/\",\"logo\":{\"@type\":\"ImageObject\",\"inLanguage\":\"fr-FR\",\"@id\":\"https:\\\/\\\/bancroft.emsb.qc.ca\\\/#\\\/schema\\\/logo\\\/image\\\/\",\"url\":\"https:\\\/\\\/bancroft.emsb.qc.ca\\\/wp-content\\\/uploads\\\/sites\\\/6\\\/2024\\\/06\\\/bancroft-crest.png\",\"contentUrl\":\"https:\\\/\\\/bancroft.emsb.qc.ca\\\/wp-content\\\/uploads\\\/sites\\\/6\\\/2024\\\/06\\\/bancroft-crest.png\",\"width\":1000,\"height\":944,\"caption\":\"Bancroft Elementary School\"},\"image\":{\"@id\":\"https:\\\/\\\/bancroft.emsb.qc.ca\\\/#\\\/schema\\\/logo\\\/image\\\/\"}}]}<\/script>\n<!-- \/ Yoast SEO plugin. -->","yoast_head_json":{"title":"Frais de scolarit\u00e9 de Bancroft - Bancroft Elementary School","robots":{"index":"index","follow":"follow","max-snippet":"max-snippet:-1","max-image-preview":"max-image-preview:large","max-video-preview":"max-video-preview:-1"},"canonical":"https:\/\/bancroft.emsb.qc.ca\/fr\/school-fees\/","og_locale":"fr_FR","og_type":"article","og_title":"Bancroft School Fees - Bancroft Elementary School","og_description":"School Fees As a public school, Bancroft School does not charge any tuition fees to students and welcomes all children for free. However, they are various additional fees for consumables and supervision outside of teaching hours not covered by our budget. These fees allow Bancroft to broaden its offerings to students, and give additional flexibility [&hellip;]","og_url":"https:\/\/bancroft.emsb.qc.ca\/fr\/school-fees\/","og_site_name":"Bancroft Elementary School","article_modified_time":"2025-07-10T15:52:23+00:00","og_image":[{"width":1920,"height":350,"url":"https:\/\/bancroft.emsb.qc.ca\/wp-content\/uploads\/sites\/6\/2024\/06\/bancroft-banner-1920x350-2.jpg","type":"image\/jpeg"}],"twitter_card":"summary_large_image","twitter_misc":{"Dur\u00e9e de lecture estim\u00e9e":"1 minute"},"schema":{"@context":"https:\/\/schema.org","@graph":[{"@type":"WebPage","@id":"https:\/\/bancroft.emsb.qc.ca\/school-fees\/","url":"https:\/\/bancroft.emsb.qc.ca\/school-fees\/","name":"Frais de scolarit\u00e9 de Bancroft - Bancroft Elementary School","isPartOf":{"@id":"https:\/\/bancroft.emsb.qc.ca\/#website"},"primaryImageOfPage":{"@id":"https:\/\/bancroft.emsb.qc.ca\/school-fees\/#primaryimage"},"image":{"@id":"https:\/\/bancroft.emsb.qc.ca\/school-fees\/#primaryimage"},"thumbnailUrl":"https:\/\/bancroft.emsb.qc.ca\/wp-content\/uploads\/sites\/6\/2024\/06\/bancroft-banner-1920x350-2.jpg","datePublished":"2023-10-11T18:23:27+00:00","dateModified":"2025-07-10T15:52:23+00:00","breadcrumb":{"@id":"https:\/\/bancroft.emsb.qc.ca\/school-fees\/#breadcrumb"},"inLanguage":"fr-FR","potentialAction":[{"@type":"ReadAction","target":["https:\/\/bancroft.emsb.qc.ca\/school-fees\/"]}]},{"@type":"ImageObject","inLanguage":"fr-FR","@id":"https:\/\/bancroft.emsb.qc.ca\/school-fees\/#primaryimage","url":"https:\/\/bancroft.emsb.qc.ca\/wp-content\/uploads\/sites\/6\/2024\/06\/bancroft-banner-1920x350-2.jpg","contentUrl":"https:\/\/bancroft.emsb.qc.ca\/wp-content\/uploads\/sites\/6\/2024\/06\/bancroft-banner-1920x350-2.jpg"},{"@type":"BreadcrumbList","@id":"https:\/\/bancroft.emsb.qc.ca\/school-fees\/#breadcrumb","itemListElement":[{"@type":"ListItem","position":1,"name":"Home","item":"https:\/\/bancroft.emsb.qc.ca\/"},{"@type":"ListItem","position":2,"name":"Bancroft School Fees"}]},{"@type":"WebSite","@id":"https:\/\/bancroft.emsb.qc.ca\/#website","url":"https:\/\/bancroft.emsb.qc.ca\/","name":"\u00c9cole primaire Bancroft","description":"\u00c9cole primaire Bancroft","publisher":{"@id":"https:\/\/bancroft.emsb.qc.ca\/#organization"},"potentialAction":[{"@type":"SearchAction","target":{"@type":"EntryPoint","urlTemplate":"https:\/\/bancroft.emsb.qc.ca\/?s={search_term_string}"},"query-input":{"@type":"PropertyValueSpecification","valueRequired":true,"valueName":"search_term_string"}}],"inLanguage":"fr-FR"},{"@type":"Organization","@id":"https:\/\/bancroft.emsb.qc.ca\/#organization","name":"\u00c9cole primaire Bancroft","url":"https:\/\/bancroft.emsb.qc.ca\/","logo":{"@type":"ImageObject","inLanguage":"fr-FR","@id":"https:\/\/bancroft.emsb.qc.ca\/#\/schema\/logo\/image\/","url":"https:\/\/bancroft.emsb.qc.ca\/wp-content\/uploads\/sites\/6\/2024\/06\/bancroft-crest.png","contentUrl":"https:\/\/bancroft.emsb.qc.ca\/wp-content\/uploads\/sites\/6\/2024\/06\/bancroft-crest.png","width":1000,"height":944,"caption":"Bancroft Elementary School"},"image":{"@id":"https:\/\/bancroft.emsb.qc.ca\/#\/schema\/logo\/image\/"}}]}},"_links":{"self":[{"href":"https:\/\/bancroft.emsb.qc.ca\/fr\/wp-json\/wp\/v2\/pages\/6875","targetHints":{"allow":["GET"]}}],"collection":[{"href":"https:\/\/bancroft.emsb.qc.ca\/fr\/wp-json\/wp\/v2\/pages"}],"about":[{"href":"https:\/\/bancroft.emsb.qc.ca\/fr\/wp-json\/wp\/v2\/types\/page"}],"author":[{"embeddable":true,"href":"https:\/\/bancroft.emsb.qc.ca\/fr\/wp-json\/wp\/v2\/users\/3"}],"replies":[{"embeddable":true,"href":"https:\/\/bancroft.emsb.qc.ca\/fr\/wp-json\/wp\/v2\/comments?post=6875"}],"version-history":[{"count":74,"href":"https:\/\/bancroft.emsb.qc.ca\/fr\/wp-json\/wp\/v2\/pages\/6875\/revisions"}],"predecessor-version":[{"id":12655,"href":"https:\/\/bancroft.emsb.qc.ca\/fr\/wp-json\/wp\/v2\/pages\/6875\/revisions\/12655"}],"wp:attachment":[{"href":"https:\/\/bancroft.emsb.qc.ca\/fr\/wp-json\/wp\/v2\/media?parent=6875"}],"curies":[{"name":"wp","href":"https:\/\/api.w.org\/{rel}","templated":true}]}}