
{"id":6794,"date":"2023-09-27T14:17:50","date_gmt":"2023-09-27T18:17:50","guid":{"rendered":"https:\/\/marymount.emsbdev.com\/?page_id=6794"},"modified":"2024-08-22T16:18:09","modified_gmt":"2024-08-22T20:18:09","slug":"school-policies","status":"publish","type":"page","link":"https:\/\/bancroft.emsb.qc.ca\/fr\/school-policies\/","title":{"rendered":"Politiques scolaires"},"content":{"rendered":"<div data-elementor-type=\"wp-page\" data-elementor-id=\"6794\" class=\"elementor elementor-6794\" data-elementor-post-type=\"page\">\n\t\t\t\t\t\t<section class=\"elementor-section elementor-top-section elementor-element elementor-element-63c010c elementor-section-boxed elementor-section-height-default elementor-section-height-default\" data-id=\"63c010c\" data-element_type=\"section\" data-e-type=\"section\" data-settings=\"{&quot;jet_parallax_layout_list&quot;:[]}\">\n\t\t\t\t\t\t<div class=\"elementor-container elementor-column-gap-default\">\n\t\t\t\t\t<div class=\"elementor-column elementor-col-100 elementor-top-column elementor-element elementor-element-6c37b0a\" data-id=\"6c37b0a\" data-element_type=\"column\" data-e-type=\"column\">\n\t\t\t<div class=\"elementor-widget-wrap elementor-element-populated\">\n\t\t\t\t\t\t<div class=\"elementor-element elementor-element-2e388a1 elementor-widget elementor-widget-image\" data-id=\"2e388a1\" data-element_type=\"widget\" data-e-type=\"widget\" data-widget_type=\"image.default\">\n\t\t\t\t<div class=\"elementor-widget-container\">\n\t\t\t\t\t\t\t\t\t\t\t\t\t\t\t<img fetchpriority=\"high\" decoding=\"async\" width=\"1920\" height=\"350\" src=\"https:\/\/bancroft.emsb.qc.ca\/wp-content\/uploads\/sites\/6\/2024\/06\/bancroft-banner-1920x350-8.jpg\" class=\"attachment-full size-full wp-image-11250\" alt=\"\" srcset=\"https:\/\/bancroft.emsb.qc.ca\/wp-content\/uploads\/sites\/6\/2024\/06\/bancroft-banner-1920x350-8.jpg 1920w, https:\/\/bancroft.emsb.qc.ca\/wp-content\/uploads\/sites\/6\/2024\/06\/bancroft-banner-1920x350-8-300x55.jpg 300w, https:\/\/bancroft.emsb.qc.ca\/wp-content\/uploads\/sites\/6\/2024\/06\/bancroft-banner-1920x350-8-1024x187.jpg 1024w, https:\/\/bancroft.emsb.qc.ca\/wp-content\/uploads\/sites\/6\/2024\/06\/bancroft-banner-1920x350-8-768x140.jpg 768w, https:\/\/bancroft.emsb.qc.ca\/wp-content\/uploads\/sites\/6\/2024\/06\/bancroft-banner-1920x350-8-1536x280.jpg 1536w, https:\/\/bancroft.emsb.qc.ca\/wp-content\/uploads\/sites\/6\/2024\/06\/bancroft-banner-1920x350-8-18x3.jpg 18w\" sizes=\"(max-width: 1920px) 100vw, 1920px\" \/>\t\t\t\t\t\t\t\t\t\t\t\t\t\t\t<\/div>\n\t\t\t\t<\/div>\n\t\t\t\t<div class=\"elementor-element elementor-element-92fbfd4 elementor-widget elementor-widget-heading\" data-id=\"92fbfd4\" data-element_type=\"widget\" data-e-type=\"widget\" data-widget_type=\"heading.default\">\n\t\t\t\t<div class=\"elementor-widget-container\">\n\t\t\t\t\t<h2 class=\"elementor-heading-title elementor-size-default\">Politiques scolaires<\/h2>\t\t\t\t<\/div>\n\t\t\t\t<\/div>\n\t\t\t\t\t<\/div>\n\t\t<\/div>\n\t\t\t\t\t<\/div>\n\t\t<\/section>\n\t\t\t\t<section class=\"elementor-section elementor-top-section elementor-element elementor-element-e86305b elementor-section-boxed elementor-section-height-default elementor-section-height-default\" data-id=\"e86305b\" data-element_type=\"section\" data-e-type=\"section\" data-settings=\"{&quot;jet_parallax_layout_list&quot;:[]}\">\n\t\t\t\t\t\t<div class=\"elementor-container elementor-column-gap-default\">\n\t\t\t\t\t<div class=\"elementor-column elementor-col-100 elementor-top-column elementor-element elementor-element-8870c05\" data-id=\"8870c05\" data-element_type=\"column\" data-e-type=\"column\">\n\t\t\t<div class=\"elementor-widget-wrap elementor-element-populated\">\n\t\t\t\t\t\t<div class=\"elementor-element elementor-element-64bb6dc elementor-widget elementor-widget-text-editor\" data-id=\"64bb6dc\" data-element_type=\"widget\" data-e-type=\"widget\" data-widget_type=\"text-editor.default\">\n\t\t\t\t<div class=\"elementor-widget-container\">\n\t\t\t\t\t\t\t\t\t<p>Les politiques sont importantes pour que Merton continue \u00e0 offrir un excellent environnement \u00e9ducatif et professionnel \u00e0 ses \u00e9tudiants et \u00e0 son personnel.<\/p>\t\t\t\t\t\t\t\t<\/div>\n\t\t\t\t<\/div>\n\t\t\t\t<div class=\"elementor-element elementor-element-0d95c38 elementor-align-justify elementor-widget elementor-widget-button\" data-id=\"0d95c38\" data-element_type=\"widget\" data-e-type=\"widget\" data-widget_type=\"button.default\">\n\t\t\t\t<div class=\"elementor-widget-container\">\n\t\t\t\t\t\t\t\t\t<div class=\"elementor-button-wrapper\">\n\t\t\t\t\t<a class=\"elementor-button elementor-button-link elementor-size-xs\" href=\"\/fr\/code-of-conduct\/\">\n\t\t\t\t\t\t<span class=\"elementor-button-content-wrapper\">\n\t\t\t\t\t\t\t\t\t<span class=\"elementor-button-text\">Code de conduite et de comportement<\/span>\n\t\t\t\t\t<\/span>\n\t\t\t\t\t<\/a>\n\t\t\t\t<\/div>\n\t\t\t\t\t\t\t\t<\/div>\n\t\t\t\t<\/div>\n\t\t\t\t<div class=\"elementor-element elementor-element-7f09b3f elementor-align-justify elementor-widget elementor-widget-button\" data-id=\"7f09b3f\" data-element_type=\"widget\" data-e-type=\"widget\" data-widget_type=\"button.default\">\n\t\t\t\t<div class=\"elementor-widget-container\">\n\t\t\t\t\t\t\t\t\t<div class=\"elementor-button-wrapper\">\n\t\t\t\t\t<a class=\"elementor-button elementor-button-link elementor-size-xs\" href=\"\/fr\/safe-school-action-plan\/\">\n\t\t\t\t\t\t<span class=\"elementor-button-content-wrapper\">\n\t\t\t\t\t\t\t\t\t<span class=\"elementor-button-text\">Plan de lutte contre l'intimidation et la violence<\/span>\n\t\t\t\t\t<\/span>\n\t\t\t\t\t<\/a>\n\t\t\t\t<\/div>\n\t\t\t\t\t\t\t\t<\/div>\n\t\t\t\t<\/div>\n\t\t\t\t<div class=\"elementor-element elementor-element-75750a3 elementor-align-justify elementor-widget elementor-widget-button\" data-id=\"75750a3\" data-element_type=\"widget\" data-e-type=\"widget\" data-widget_type=\"button.default\">\n\t\t\t\t<div class=\"elementor-widget-container\">\n\t\t\t\t\t\t\t\t\t<div class=\"elementor-button-wrapper\">\n\t\t\t\t\t<a class=\"elementor-button elementor-button-link elementor-size-xs\" href=\"\/fr\/educational-project\/\">\n\t\t\t\t\t\t<span class=\"elementor-button-content-wrapper\">\n\t\t\t\t\t\t\t\t\t<span class=\"elementor-button-text\">Projet \u00e9ducatif<\/span>\n\t\t\t\t\t<\/span>\n\t\t\t\t\t<\/a>\n\t\t\t\t<\/div>\n\t\t\t\t\t\t\t\t<\/div>\n\t\t\t\t<\/div>\n\t\t\t\t\t<\/div>\n\t\t<\/div>\n\t\t\t\t\t<\/div>\n\t\t<\/section>\n\t\t\t\t<\/div>","protected":false},"excerpt":{"rendered":"<p>\/*! elementor &#8211; v3.23.0 &#8211; 05-08-2024 *\/ .elementor-widget-image{text-align:center}.elementor-widget-image a{display:inline-block}.elementor-widget-image a img[src$=&#8221;.svg&#8221;]{width:48px}.elementor-widget-image img{vertical-align:middle;display:inline-block} \/*! elementor &#8211; v3.23.0 &#8211; 05-08-2024 *\/ .elementor-heading-title{padding:0;margin:0;line-height:1}.elementor-widget-heading .elementor-heading-title[class*=elementor-size-]&gt;a{color:inherit;font-size:inherit;line-height:inherit}.elementor-widget-heading .elementor-heading-title.elementor-size-small{font-size:15px}.elementor-widget-heading .elementor-heading-title.elementor-size-medium{font-size:19px}.elementor-widget-heading .elementor-heading-title.elementor-size-large{font-size:29px}.elementor-widget-heading .elementor-heading-title.elementor-size-xl{font-size:39px}.elementor-widget-heading .elementor-heading-title.elementor-size-xxl{font-size:59px} School Policies Policies are important for Merton to continue to provide an excellent educational and work environment for our students and staff. Code of Conduct and Behaviour Anti-Bullying Anti-Violence [&hellip;]<\/p>\n","protected":false},"author":8,"featured_media":0,"parent":0,"menu_order":0,"comment_status":"closed","ping_status":"closed","template":"","meta":{"site-sidebar-layout":"no-sidebar","site-content-layout":"page-builder","ast-site-content-layout":"default","site-content-style":"default","site-sidebar-style":"default","ast-global-header-display":"","ast-banner-title-visibility":"","ast-main-header-display":"","ast-hfb-above-header-display":"","ast-hfb-below-header-display":"","ast-hfb-mobile-header-display":"","site-post-title":"disabled","ast-breadcrumbs-content":"","ast-featured-img":"disabled","footer-sml-layout":"","ast-disable-related-posts":"","theme-transparent-header-meta":"default","adv-header-id-meta":"","stick-header-meta":"","header-above-stick-meta":"","header-main-stick-meta":"","header-below-stick-meta":"","astra-migrate-meta-layouts":"set","ast-page-background-enabled":"default","ast-page-background-meta":{"desktop":{"background-color":"var(--ast-global-color-4)","background-image":"","background-repeat":"repeat","background-position":"center center","background-size":"auto","background-attachment":"scroll","background-type":"","background-media":"","overlay-type":"","overlay-color":"","overlay-opacity":"","overlay-gradient":""},"tablet":{"background-color":"","background-image":"","background-repeat":"repeat","background-position":"center center","background-size":"auto","background-attachment":"scroll","background-type":"","background-media":"","overlay-type":"","overlay-color":"","overlay-opacity":"","overlay-gradient":""},"mobile":{"background-color":"","background-image":"","background-repeat":"repeat","background-position":"center center","background-size":"auto","background-attachment":"scroll","background-type":"","background-media":"","overlay-type":"","overlay-color":"","overlay-opacity":"","overlay-gradient":""}},"ast-content-background-meta":{"desktop":{"background-color":"var(--ast-global-color-5)","background-image":"","background-repeat":"repeat","background-position":"center center","background-size":"auto","background-attachment":"scroll","background-type":"","background-media":"","overlay-type":"","overlay-color":"","overlay-opacity":"","overlay-gradient":""},"tablet":{"background-color":"var(--ast-global-color-5)","background-image":"","background-repeat":"repeat","background-position":"center center","background-size":"auto","background-attachment":"scroll","background-type":"","background-media":"","overlay-type":"","overlay-color":"","overlay-opacity":"","overlay-gradient":""},"mobile":{"background-color":"var(--ast-global-color-5)","background-image":"","background-repeat":"repeat","background-position":"center center","background-size":"auto","background-attachment":"scroll","background-type":"","background-media":"","overlay-type":"","overlay-color":"","overlay-opacity":"","overlay-gradient":""}},"footnotes":""},"class_list":["post-6794","page","type-page","status-publish","hentry"],"yoast_head":"<!-- This site is optimized with the Yoast SEO plugin v27.4 - https:\/\/yoast.com\/product\/yoast-seo-wordpress\/ -->\n<title>School Policies - Bancroft Elementary School<\/title>\n<meta name=\"robots\" content=\"index, follow, max-snippet:-1, max-image-preview:large, max-video-preview:-1\" \/>\n<link rel=\"canonical\" href=\"https:\/\/bancroft.emsb.qc.ca\/fr\/school-policies\/\" \/>\n<meta property=\"og:locale\" content=\"fr_FR\" \/>\n<meta property=\"og:type\" content=\"article\" \/>\n<meta property=\"og:title\" content=\"School Policies - Bancroft Elementary School\" \/>\n<meta property=\"og:description\" content=\"\/*! elementor &#8211; v3.23.0 &#8211; 05-08-2024 *\/ .elementor-widget-image{text-align:center}.elementor-widget-image a{display:inline-block}.elementor-widget-image a img[src$=&#8221;.svg&#8221;]{width:48px}.elementor-widget-image img{vertical-align:middle;display:inline-block} \/*! elementor &#8211; v3.23.0 &#8211; 05-08-2024 *\/ .elementor-heading-title{padding:0;margin:0;line-height:1}.elementor-widget-heading .elementor-heading-title[class*=elementor-size-]&gt;a{color:inherit;font-size:inherit;line-height:inherit}.elementor-widget-heading .elementor-heading-title.elementor-size-small{font-size:15px}.elementor-widget-heading .elementor-heading-title.elementor-size-medium{font-size:19px}.elementor-widget-heading .elementor-heading-title.elementor-size-large{font-size:29px}.elementor-widget-heading .elementor-heading-title.elementor-size-xl{font-size:39px}.elementor-widget-heading .elementor-heading-title.elementor-size-xxl{font-size:59px} School Policies Policies are important for Merton to continue to provide an excellent educational and work environment for our students and staff. Code of Conduct and Behaviour Anti-Bullying Anti-Violence [&hellip;]\" \/>\n<meta property=\"og:url\" content=\"https:\/\/bancroft.emsb.qc.ca\/fr\/school-policies\/\" \/>\n<meta property=\"og:site_name\" content=\"Bancroft Elementary School\" \/>\n<meta property=\"article:modified_time\" content=\"2024-08-22T20:18:09+00:00\" \/>\n<meta property=\"og:image\" content=\"https:\/\/bancroft.emsb.qc.ca\/wp-content\/uploads\/sites\/6\/2024\/06\/bancroft-banner-1920x350-8.jpg\" \/>\n<meta name=\"twitter:card\" content=\"summary_large_image\" \/>\n<meta name=\"twitter:label1\" content=\"Dur\u00e9e de lecture estim\u00e9e\" \/>\n\t<meta name=\"twitter:data1\" content=\"1 minute\" \/>\n<script type=\"application\/ld+json\" class=\"yoast-schema-graph\">{\"@context\":\"https:\\\/\\\/schema.org\",\"@graph\":[{\"@type\":\"WebPage\",\"@id\":\"https:\\\/\\\/bancroft.emsb.qc.ca\\\/school-policies\\\/\",\"url\":\"https:\\\/\\\/bancroft.emsb.qc.ca\\\/school-policies\\\/\",\"name\":\"School Policies - Bancroft Elementary School\",\"isPartOf\":{\"@id\":\"https:\\\/\\\/bancroft.emsb.qc.ca\\\/#website\"},\"primaryImageOfPage\":{\"@id\":\"https:\\\/\\\/bancroft.emsb.qc.ca\\\/school-policies\\\/#primaryimage\"},\"image\":{\"@id\":\"https:\\\/\\\/bancroft.emsb.qc.ca\\\/school-policies\\\/#primaryimage\"},\"thumbnailUrl\":\"https:\\\/\\\/bancroft.emsb.qc.ca\\\/wp-content\\\/uploads\\\/sites\\\/6\\\/2024\\\/06\\\/bancroft-banner-1920x350-8.jpg\",\"datePublished\":\"2023-09-27T18:17:50+00:00\",\"dateModified\":\"2024-08-22T20:18:09+00:00\",\"breadcrumb\":{\"@id\":\"https:\\\/\\\/bancroft.emsb.qc.ca\\\/school-policies\\\/#breadcrumb\"},\"inLanguage\":\"fr-FR\",\"potentialAction\":[{\"@type\":\"ReadAction\",\"target\":[\"https:\\\/\\\/bancroft.emsb.qc.ca\\\/school-policies\\\/\"]}]},{\"@type\":\"ImageObject\",\"inLanguage\":\"fr-FR\",\"@id\":\"https:\\\/\\\/bancroft.emsb.qc.ca\\\/school-policies\\\/#primaryimage\",\"url\":\"https:\\\/\\\/bancroft.emsb.qc.ca\\\/wp-content\\\/uploads\\\/sites\\\/6\\\/2024\\\/06\\\/bancroft-banner-1920x350-8.jpg\",\"contentUrl\":\"https:\\\/\\\/bancroft.emsb.qc.ca\\\/wp-content\\\/uploads\\\/sites\\\/6\\\/2024\\\/06\\\/bancroft-banner-1920x350-8.jpg\"},{\"@type\":\"BreadcrumbList\",\"@id\":\"https:\\\/\\\/bancroft.emsb.qc.ca\\\/school-policies\\\/#breadcrumb\",\"itemListElement\":[{\"@type\":\"ListItem\",\"position\":1,\"name\":\"Home\",\"item\":\"https:\\\/\\\/bancroft.emsb.qc.ca\\\/\"},{\"@type\":\"ListItem\",\"position\":2,\"name\":\"School Policies\"}]},{\"@type\":\"WebSite\",\"@id\":\"https:\\\/\\\/bancroft.emsb.qc.ca\\\/#website\",\"url\":\"https:\\\/\\\/bancroft.emsb.qc.ca\\\/\",\"name\":\"Bancroft Elementary School\",\"description\":\"Bancroft Elementary School\",\"publisher\":{\"@id\":\"https:\\\/\\\/bancroft.emsb.qc.ca\\\/#organization\"},\"potentialAction\":[{\"@type\":\"SearchAction\",\"target\":{\"@type\":\"EntryPoint\",\"urlTemplate\":\"https:\\\/\\\/bancroft.emsb.qc.ca\\\/?s={search_term_string}\"},\"query-input\":{\"@type\":\"PropertyValueSpecification\",\"valueRequired\":true,\"valueName\":\"search_term_string\"}}],\"inLanguage\":\"fr-FR\"},{\"@type\":\"Organization\",\"@id\":\"https:\\\/\\\/bancroft.emsb.qc.ca\\\/#organization\",\"name\":\"Bancroft Elementary School\",\"url\":\"https:\\\/\\\/bancroft.emsb.qc.ca\\\/\",\"logo\":{\"@type\":\"ImageObject\",\"inLanguage\":\"fr-FR\",\"@id\":\"https:\\\/\\\/bancroft.emsb.qc.ca\\\/#\\\/schema\\\/logo\\\/image\\\/\",\"url\":\"https:\\\/\\\/bancroft.emsb.qc.ca\\\/wp-content\\\/uploads\\\/sites\\\/6\\\/2024\\\/06\\\/bancroft-crest.png\",\"contentUrl\":\"https:\\\/\\\/bancroft.emsb.qc.ca\\\/wp-content\\\/uploads\\\/sites\\\/6\\\/2024\\\/06\\\/bancroft-crest.png\",\"width\":1000,\"height\":944,\"caption\":\"Bancroft Elementary School\"},\"image\":{\"@id\":\"https:\\\/\\\/bancroft.emsb.qc.ca\\\/#\\\/schema\\\/logo\\\/image\\\/\"}}]}<\/script>\n<!-- \/ Yoast SEO plugin. -->","yoast_head_json":{"title":"Politiques scolaires - Bancroft Elementary School","robots":{"index":"index","follow":"follow","max-snippet":"max-snippet:-1","max-image-preview":"max-image-preview:large","max-video-preview":"max-video-preview:-1"},"canonical":"https:\/\/bancroft.emsb.qc.ca\/fr\/school-policies\/","og_locale":"fr_FR","og_type":"article","og_title":"School Policies - Bancroft Elementary School","og_description":"\/*! elementor &#8211; v3.23.0 &#8211; 05-08-2024 *\/ .elementor-widget-image{text-align:center}.elementor-widget-image a{display:inline-block}.elementor-widget-image a img[src$=&#8221;.svg&#8221;]{width:48px}.elementor-widget-image img{vertical-align:middle;display:inline-block} \/*! elementor &#8211; v3.23.0 &#8211; 05-08-2024 *\/ .elementor-heading-title{padding:0;margin:0;line-height:1}.elementor-widget-heading .elementor-heading-title[class*=elementor-size-]&gt;a{color:inherit;font-size:inherit;line-height:inherit}.elementor-widget-heading .elementor-heading-title.elementor-size-small{font-size:15px}.elementor-widget-heading .elementor-heading-title.elementor-size-medium{font-size:19px}.elementor-widget-heading .elementor-heading-title.elementor-size-large{font-size:29px}.elementor-widget-heading .elementor-heading-title.elementor-size-xl{font-size:39px}.elementor-widget-heading .elementor-heading-title.elementor-size-xxl{font-size:59px} School Policies Policies are important for Merton to continue to provide an excellent educational and work environment for our students and staff. Code of Conduct and Behaviour Anti-Bullying Anti-Violence [&hellip;]","og_url":"https:\/\/bancroft.emsb.qc.ca\/fr\/school-policies\/","og_site_name":"Bancroft Elementary School","article_modified_time":"2024-08-22T20:18:09+00:00","og_image":[{"url":"https:\/\/bancroft.emsb.qc.ca\/wp-content\/uploads\/sites\/6\/2024\/06\/bancroft-banner-1920x350-8.jpg","type":"","width":"","height":""}],"twitter_card":"summary_large_image","twitter_misc":{"Dur\u00e9e de lecture estim\u00e9e":"1 minute"},"schema":{"@context":"https:\/\/schema.org","@graph":[{"@type":"WebPage","@id":"https:\/\/bancroft.emsb.qc.ca\/school-policies\/","url":"https:\/\/bancroft.emsb.qc.ca\/school-policies\/","name":"Politiques scolaires - Bancroft Elementary School","isPartOf":{"@id":"https:\/\/bancroft.emsb.qc.ca\/#website"},"primaryImageOfPage":{"@id":"https:\/\/bancroft.emsb.qc.ca\/school-policies\/#primaryimage"},"image":{"@id":"https:\/\/bancroft.emsb.qc.ca\/school-policies\/#primaryimage"},"thumbnailUrl":"https:\/\/bancroft.emsb.qc.ca\/wp-content\/uploads\/sites\/6\/2024\/06\/bancroft-banner-1920x350-8.jpg","datePublished":"2023-09-27T18:17:50+00:00","dateModified":"2024-08-22T20:18:09+00:00","breadcrumb":{"@id":"https:\/\/bancroft.emsb.qc.ca\/school-policies\/#breadcrumb"},"inLanguage":"fr-FR","potentialAction":[{"@type":"ReadAction","target":["https:\/\/bancroft.emsb.qc.ca\/school-policies\/"]}]},{"@type":"ImageObject","inLanguage":"fr-FR","@id":"https:\/\/bancroft.emsb.qc.ca\/school-policies\/#primaryimage","url":"https:\/\/bancroft.emsb.qc.ca\/wp-content\/uploads\/sites\/6\/2024\/06\/bancroft-banner-1920x350-8.jpg","contentUrl":"https:\/\/bancroft.emsb.qc.ca\/wp-content\/uploads\/sites\/6\/2024\/06\/bancroft-banner-1920x350-8.jpg"},{"@type":"BreadcrumbList","@id":"https:\/\/bancroft.emsb.qc.ca\/school-policies\/#breadcrumb","itemListElement":[{"@type":"ListItem","position":1,"name":"Home","item":"https:\/\/bancroft.emsb.qc.ca\/"},{"@type":"ListItem","position":2,"name":"School Policies"}]},{"@type":"WebSite","@id":"https:\/\/bancroft.emsb.qc.ca\/#website","url":"https:\/\/bancroft.emsb.qc.ca\/","name":"\u00c9cole primaire Bancroft","description":"\u00c9cole primaire Bancroft","publisher":{"@id":"https:\/\/bancroft.emsb.qc.ca\/#organization"},"potentialAction":[{"@type":"SearchAction","target":{"@type":"EntryPoint","urlTemplate":"https:\/\/bancroft.emsb.qc.ca\/?s={search_term_string}"},"query-input":{"@type":"PropertyValueSpecification","valueRequired":true,"valueName":"search_term_string"}}],"inLanguage":"fr-FR"},{"@type":"Organization","@id":"https:\/\/bancroft.emsb.qc.ca\/#organization","name":"\u00c9cole primaire Bancroft","url":"https:\/\/bancroft.emsb.qc.ca\/","logo":{"@type":"ImageObject","inLanguage":"fr-FR","@id":"https:\/\/bancroft.emsb.qc.ca\/#\/schema\/logo\/image\/","url":"https:\/\/bancroft.emsb.qc.ca\/wp-content\/uploads\/sites\/6\/2024\/06\/bancroft-crest.png","contentUrl":"https:\/\/bancroft.emsb.qc.ca\/wp-content\/uploads\/sites\/6\/2024\/06\/bancroft-crest.png","width":1000,"height":944,"caption":"Bancroft Elementary School"},"image":{"@id":"https:\/\/bancroft.emsb.qc.ca\/#\/schema\/logo\/image\/"}}]}},"_links":{"self":[{"href":"https:\/\/bancroft.emsb.qc.ca\/fr\/wp-json\/wp\/v2\/pages\/6794","targetHints":{"allow":["GET"]}}],"collection":[{"href":"https:\/\/bancroft.emsb.qc.ca\/fr\/wp-json\/wp\/v2\/pages"}],"about":[{"href":"https:\/\/bancroft.emsb.qc.ca\/fr\/wp-json\/wp\/v2\/types\/page"}],"author":[{"embeddable":true,"href":"https:\/\/bancroft.emsb.qc.ca\/fr\/wp-json\/wp\/v2\/users\/8"}],"replies":[{"embeddable":true,"href":"https:\/\/bancroft.emsb.qc.ca\/fr\/wp-json\/wp\/v2\/comments?post=6794"}],"version-history":[{"count":85,"href":"https:\/\/bancroft.emsb.qc.ca\/fr\/wp-json\/wp\/v2\/pages\/6794\/revisions"}],"predecessor-version":[{"id":11521,"href":"https:\/\/bancroft.emsb.qc.ca\/fr\/wp-json\/wp\/v2\/pages\/6794\/revisions\/11521"}],"wp:attachment":[{"href":"https:\/\/bancroft.emsb.qc.ca\/fr\/wp-json\/wp\/v2\/media?parent=6794"}],"curies":[{"name":"wp","href":"https:\/\/api.w.org\/{rel}","templated":true}]}}