
{"id":6750,"date":"2023-09-27T13:47:38","date_gmt":"2023-09-27T17:47:38","guid":{"rendered":"https:\/\/marymount.emsbdev.com\/?page_id=6750"},"modified":"2025-02-11T14:56:18","modified_gmt":"2025-02-11T19:56:18","slug":"safe-school-action-plan","status":"publish","type":"page","link":"https:\/\/bancroft.emsb.qc.ca\/fr\/safe-school-action-plan\/","title":{"rendered":"Plan de lutte contre l'intimidation et la violence"},"content":{"rendered":"<div data-elementor-type=\"wp-page\" data-elementor-id=\"6750\" class=\"elementor elementor-6750\" data-elementor-post-type=\"page\">\n\t\t\t\t\t\t<section class=\"elementor-section elementor-top-section elementor-element elementor-element-adfccaa elementor-section-boxed elementor-section-height-default elementor-section-height-default\" data-id=\"adfccaa\" data-element_type=\"section\" data-e-type=\"section\" data-settings=\"{&quot;jet_parallax_layout_list&quot;:[]}\">\n\t\t\t\t\t\t<div class=\"elementor-container elementor-column-gap-default\">\n\t\t\t\t\t<div class=\"elementor-column elementor-col-100 elementor-top-column elementor-element elementor-element-52d2f2d\" data-id=\"52d2f2d\" data-element_type=\"column\" data-e-type=\"column\">\n\t\t\t<div class=\"elementor-widget-wrap elementor-element-populated\">\n\t\t\t\t\t\t<div class=\"elementor-element elementor-element-3ce9e72 elementor-widget elementor-widget-heading\" data-id=\"3ce9e72\" data-element_type=\"widget\" data-e-type=\"widget\" data-widget_type=\"heading.default\">\n\t\t\t\t<div class=\"elementor-widget-container\">\n\t\t\t\t\t<h2 class=\"elementor-heading-title elementor-size-default\">Plan de lutte contre l'intimidation et la violence<\/h2>\t\t\t\t<\/div>\n\t\t\t\t<\/div>\n\t\t\t\t\t<\/div>\n\t\t<\/div>\n\t\t\t\t\t<\/div>\n\t\t<\/section>\n\t\t\t\t<section class=\"elementor-section elementor-top-section elementor-element elementor-element-b1a896f elementor-section-boxed elementor-section-height-default elementor-section-height-default\" data-id=\"b1a896f\" data-element_type=\"section\" data-e-type=\"section\" data-settings=\"{&quot;jet_parallax_layout_list&quot;:[]}\">\n\t\t\t\t\t\t<div class=\"elementor-container elementor-column-gap-default\">\n\t\t\t\t\t<div class=\"elementor-column elementor-col-100 elementor-top-column elementor-element elementor-element-332b45c\" data-id=\"332b45c\" data-element_type=\"column\" data-e-type=\"column\">\n\t\t\t<div class=\"elementor-widget-wrap elementor-element-populated\">\n\t\t\t\t\t\t<div class=\"elementor-element elementor-element-13d9046 elementor-widget elementor-widget-text-editor\" data-id=\"13d9046\" data-element_type=\"widget\" data-e-type=\"widget\" data-widget_type=\"text-editor.default\">\n\t\t\t\t<div class=\"elementor-widget-container\">\n\t\t\t\t\t\t\t\t\t<p>Un environnement scolaire s\u00fbr, inclusif et accueillant est une condition n\u00e9cessaire \u00e0 la r\u00e9ussite des \u00e9l\u00e8ves. On ne peut attendre des \u00e9l\u00e8ves qu'ils r\u00e9alisent leur potentiel dans un environnement o\u00f9 ils se sentent peu s\u00fbrs d'eux et intimid\u00e9s. Nous nous engageons \u00e0 fournir \u00e0 tous les \u00e9l\u00e8ves le soutien dont ils ont besoin pour apprendre, grandir et r\u00e9ussir.<\/p><p>Le plan d'action pour la s\u00e9curit\u00e9 \u00e0 l'\u00e9cole d\u00e9crit les mesures de pr\u00e9vention et de r\u00e9ponse aux actes d'intimidation et de violence dans notre \u00e9cole, conform\u00e9ment \u00e0 la politique de s\u00e9curit\u00e9 de l'environnement physique et cybern\u00e9tique de l'EMSB et au plan d'action pour la s\u00e9curit\u00e9 \u00e0 l'\u00e9cole de l'EMSB.\u00a0<a href=\"https:\/\/www.legisquebec.gouv.qc.ca\/fr\/document\/lc\/I-13.3\" target=\"_blank\" rel=\"noopener\">Loi sur l'\u00e9ducation du Qu\u00e9bec<\/a>.<\/p>\t\t\t\t\t\t\t\t<\/div>\n\t\t\t\t<\/div>\n\t\t\t\t<div class=\"elementor-element elementor-element-7c8e77a elementor-align-justify elementor-widget elementor-widget-button\" data-id=\"7c8e77a\" data-element_type=\"widget\" data-e-type=\"widget\" data-widget_type=\"button.default\">\n\t\t\t\t<div class=\"elementor-widget-container\">\n\t\t\t\t\t\t\t\t\t<div class=\"elementor-button-wrapper\">\n\t\t\t\t\t<a class=\"elementor-button elementor-button-link elementor-size-xs\" href=\"https:\/\/bancroft.emsb.qc.ca\/wp-content\/uploads\/sites\/6\/2024\/08\/Anti-Bullying-Anti-Violence-Action-Plan-NEW-4.pdf\" target=\"_blank\">\n\t\t\t\t\t\t<span class=\"elementor-button-content-wrapper\">\n\t\t\t\t\t\t\t\t\t<span class=\"elementor-button-text\">Plan d'action contre le harc\u00e8lement et la violence<\/span>\n\t\t\t\t\t<\/span>\n\t\t\t\t\t<\/a>\n\t\t\t\t<\/div>\n\t\t\t\t\t\t\t\t<\/div>\n\t\t\t\t<\/div>\n\t\t\t\t\t<\/div>\n\t\t<\/div>\n\t\t\t\t\t<\/div>\n\t\t<\/section>\n\t\t\t\t<\/div>","protected":false},"excerpt":{"rendered":"<p>Anti-Bullying Anti-Violence Action Plan A safe, inclusive and accepting school environment is a necessary condition for student success. Students cannot be expected to reach their potential in an environment where they feel insecure and intimidated. We are committed to providing all students with the supports they need to learn, grow and achieve. Our school\u2019s Safe [&hellip;]<\/p>\n","protected":false},"author":3,"featured_media":0,"parent":0,"menu_order":0,"comment_status":"closed","ping_status":"closed","template":"","meta":{"site-sidebar-layout":"no-sidebar","site-content-layout":"page-builder","ast-site-content-layout":"default","site-content-style":"default","site-sidebar-style":"default","ast-global-header-display":"","ast-banner-title-visibility":"","ast-main-header-display":"","ast-hfb-above-header-display":"","ast-hfb-below-header-display":"","ast-hfb-mobile-header-display":"","site-post-title":"disabled","ast-breadcrumbs-content":"","ast-featured-img":"disabled","footer-sml-layout":"","ast-disable-related-posts":"","theme-transparent-header-meta":"default","adv-header-id-meta":"","stick-header-meta":"","header-above-stick-meta":"","header-main-stick-meta":"","header-below-stick-meta":"","astra-migrate-meta-layouts":"set","ast-page-background-enabled":"default","ast-page-background-meta":{"desktop":{"background-color":"var(--ast-global-color-4)","background-image":"","background-repeat":"repeat","background-position":"center center","background-size":"auto","background-attachment":"scroll","background-type":"","background-media":"","overlay-type":"","overlay-color":"","overlay-opacity":"","overlay-gradient":""},"tablet":{"background-color":"","background-image":"","background-repeat":"repeat","background-position":"center center","background-size":"auto","background-attachment":"scroll","background-type":"","background-media":"","overlay-type":"","overlay-color":"","overlay-opacity":"","overlay-gradient":""},"mobile":{"background-color":"","background-image":"","background-repeat":"repeat","background-position":"center center","background-size":"auto","background-attachment":"scroll","background-type":"","background-media":"","overlay-type":"","overlay-color":"","overlay-opacity":"","overlay-gradient":""}},"ast-content-background-meta":{"desktop":{"background-color":"var(--ast-global-color-5)","background-image":"","background-repeat":"repeat","background-position":"center center","background-size":"auto","background-attachment":"scroll","background-type":"","background-media":"","overlay-type":"","overlay-color":"","overlay-opacity":"","overlay-gradient":""},"tablet":{"background-color":"var(--ast-global-color-5)","background-image":"","background-repeat":"repeat","background-position":"center center","background-size":"auto","background-attachment":"scroll","background-type":"","background-media":"","overlay-type":"","overlay-color":"","overlay-opacity":"","overlay-gradient":""},"mobile":{"background-color":"var(--ast-global-color-5)","background-image":"","background-repeat":"repeat","background-position":"center center","background-size":"auto","background-attachment":"scroll","background-type":"","background-media":"","overlay-type":"","overlay-color":"","overlay-opacity":"","overlay-gradient":""}},"footnotes":""},"class_list":["post-6750","page","type-page","status-publish","hentry"],"yoast_head":"<!-- This site is optimized with the Yoast SEO plugin v27.3 - https:\/\/yoast.com\/product\/yoast-seo-wordpress\/ -->\n<title>Anti-Bullying Anti-Violence Action Plan - Bancroft Elementary School<\/title>\n<meta name=\"robots\" content=\"index, follow, max-snippet:-1, max-image-preview:large, max-video-preview:-1\" \/>\n<link rel=\"canonical\" href=\"https:\/\/bancroft.emsb.qc.ca\/fr\/safe-school-action-plan\/\" \/>\n<meta property=\"og:locale\" content=\"fr_FR\" \/>\n<meta property=\"og:type\" content=\"article\" \/>\n<meta property=\"og:title\" content=\"Anti-Bullying Anti-Violence Action Plan - Bancroft Elementary School\" \/>\n<meta property=\"og:description\" content=\"Anti-Bullying Anti-Violence Action Plan A safe, inclusive and accepting school environment is a necessary condition for student success. Students cannot be expected to reach their potential in an environment where they feel insecure and intimidated. We are committed to providing all students with the supports they need to learn, grow and achieve. Our school\u2019s Safe [&hellip;]\" \/>\n<meta property=\"og:url\" content=\"https:\/\/bancroft.emsb.qc.ca\/fr\/safe-school-action-plan\/\" \/>\n<meta property=\"og:site_name\" content=\"Bancroft Elementary School\" \/>\n<meta property=\"article:modified_time\" content=\"2025-02-11T19:56:18+00:00\" \/>\n<meta name=\"twitter:card\" content=\"summary_large_image\" \/>\n<meta name=\"twitter:label1\" content=\"Dur\u00e9e de lecture estim\u00e9e\" \/>\n\t<meta name=\"twitter:data1\" content=\"1 minute\" \/>\n<script type=\"application\/ld+json\" class=\"yoast-schema-graph\">{\"@context\":\"https:\\\/\\\/schema.org\",\"@graph\":[{\"@type\":\"WebPage\",\"@id\":\"https:\\\/\\\/bancroft.emsb.qc.ca\\\/safe-school-action-plan\\\/\",\"url\":\"https:\\\/\\\/bancroft.emsb.qc.ca\\\/safe-school-action-plan\\\/\",\"name\":\"Anti-Bullying Anti-Violence Action Plan - Bancroft Elementary School\",\"isPartOf\":{\"@id\":\"https:\\\/\\\/bancroft.emsb.qc.ca\\\/#website\"},\"datePublished\":\"2023-09-27T17:47:38+00:00\",\"dateModified\":\"2025-02-11T19:56:18+00:00\",\"breadcrumb\":{\"@id\":\"https:\\\/\\\/bancroft.emsb.qc.ca\\\/safe-school-action-plan\\\/#breadcrumb\"},\"inLanguage\":\"fr-FR\",\"potentialAction\":[{\"@type\":\"ReadAction\",\"target\":[\"https:\\\/\\\/bancroft.emsb.qc.ca\\\/safe-school-action-plan\\\/\"]}]},{\"@type\":\"BreadcrumbList\",\"@id\":\"https:\\\/\\\/bancroft.emsb.qc.ca\\\/safe-school-action-plan\\\/#breadcrumb\",\"itemListElement\":[{\"@type\":\"ListItem\",\"position\":1,\"name\":\"Home\",\"item\":\"https:\\\/\\\/bancroft.emsb.qc.ca\\\/\"},{\"@type\":\"ListItem\",\"position\":2,\"name\":\"Anti-Bullying Anti-Violence Action Plan\"}]},{\"@type\":\"WebSite\",\"@id\":\"https:\\\/\\\/bancroft.emsb.qc.ca\\\/#website\",\"url\":\"https:\\\/\\\/bancroft.emsb.qc.ca\\\/\",\"name\":\"Bancroft Elementary School\",\"description\":\"Bancroft Elementary School\",\"publisher\":{\"@id\":\"https:\\\/\\\/bancroft.emsb.qc.ca\\\/#organization\"},\"potentialAction\":[{\"@type\":\"SearchAction\",\"target\":{\"@type\":\"EntryPoint\",\"urlTemplate\":\"https:\\\/\\\/bancroft.emsb.qc.ca\\\/?s={search_term_string}\"},\"query-input\":{\"@type\":\"PropertyValueSpecification\",\"valueRequired\":true,\"valueName\":\"search_term_string\"}}],\"inLanguage\":\"fr-FR\"},{\"@type\":\"Organization\",\"@id\":\"https:\\\/\\\/bancroft.emsb.qc.ca\\\/#organization\",\"name\":\"Bancroft Elementary School\",\"url\":\"https:\\\/\\\/bancroft.emsb.qc.ca\\\/\",\"logo\":{\"@type\":\"ImageObject\",\"inLanguage\":\"fr-FR\",\"@id\":\"https:\\\/\\\/bancroft.emsb.qc.ca\\\/#\\\/schema\\\/logo\\\/image\\\/\",\"url\":\"https:\\\/\\\/bancroft.emsb.qc.ca\\\/wp-content\\\/uploads\\\/sites\\\/6\\\/2024\\\/06\\\/bancroft-crest.png\",\"contentUrl\":\"https:\\\/\\\/bancroft.emsb.qc.ca\\\/wp-content\\\/uploads\\\/sites\\\/6\\\/2024\\\/06\\\/bancroft-crest.png\",\"width\":1000,\"height\":944,\"caption\":\"Bancroft Elementary School\"},\"image\":{\"@id\":\"https:\\\/\\\/bancroft.emsb.qc.ca\\\/#\\\/schema\\\/logo\\\/image\\\/\"}}]}<\/script>\n<!-- \/ Yoast SEO plugin. -->","yoast_head_json":{"title":"Plan d'action contre l'intimidation et la violence - \u00c9cole primaire Bancroft","robots":{"index":"index","follow":"follow","max-snippet":"max-snippet:-1","max-image-preview":"max-image-preview:large","max-video-preview":"max-video-preview:-1"},"canonical":"https:\/\/bancroft.emsb.qc.ca\/fr\/safe-school-action-plan\/","og_locale":"fr_FR","og_type":"article","og_title":"Anti-Bullying Anti-Violence Action Plan - Bancroft Elementary School","og_description":"Anti-Bullying Anti-Violence Action Plan A safe, inclusive and accepting school environment is a necessary condition for student success. Students cannot be expected to reach their potential in an environment where they feel insecure and intimidated. We are committed to providing all students with the supports they need to learn, grow and achieve. Our school\u2019s Safe [&hellip;]","og_url":"https:\/\/bancroft.emsb.qc.ca\/fr\/safe-school-action-plan\/","og_site_name":"Bancroft Elementary School","article_modified_time":"2025-02-11T19:56:18+00:00","twitter_card":"summary_large_image","twitter_misc":{"Dur\u00e9e de lecture estim\u00e9e":"1 minute"},"schema":{"@context":"https:\/\/schema.org","@graph":[{"@type":"WebPage","@id":"https:\/\/bancroft.emsb.qc.ca\/safe-school-action-plan\/","url":"https:\/\/bancroft.emsb.qc.ca\/safe-school-action-plan\/","name":"Plan d'action contre l'intimidation et la violence - \u00c9cole primaire Bancroft","isPartOf":{"@id":"https:\/\/bancroft.emsb.qc.ca\/#website"},"datePublished":"2023-09-27T17:47:38+00:00","dateModified":"2025-02-11T19:56:18+00:00","breadcrumb":{"@id":"https:\/\/bancroft.emsb.qc.ca\/safe-school-action-plan\/#breadcrumb"},"inLanguage":"fr-FR","potentialAction":[{"@type":"ReadAction","target":["https:\/\/bancroft.emsb.qc.ca\/safe-school-action-plan\/"]}]},{"@type":"BreadcrumbList","@id":"https:\/\/bancroft.emsb.qc.ca\/safe-school-action-plan\/#breadcrumb","itemListElement":[{"@type":"ListItem","position":1,"name":"Home","item":"https:\/\/bancroft.emsb.qc.ca\/"},{"@type":"ListItem","position":2,"name":"Anti-Bullying Anti-Violence Action Plan"}]},{"@type":"WebSite","@id":"https:\/\/bancroft.emsb.qc.ca\/#website","url":"https:\/\/bancroft.emsb.qc.ca\/","name":"\u00c9cole primaire Bancroft","description":"\u00c9cole primaire Bancroft","publisher":{"@id":"https:\/\/bancroft.emsb.qc.ca\/#organization"},"potentialAction":[{"@type":"SearchAction","target":{"@type":"EntryPoint","urlTemplate":"https:\/\/bancroft.emsb.qc.ca\/?s={search_term_string}"},"query-input":{"@type":"PropertyValueSpecification","valueRequired":true,"valueName":"search_term_string"}}],"inLanguage":"fr-FR"},{"@type":"Organization","@id":"https:\/\/bancroft.emsb.qc.ca\/#organization","name":"\u00c9cole primaire Bancroft","url":"https:\/\/bancroft.emsb.qc.ca\/","logo":{"@type":"ImageObject","inLanguage":"fr-FR","@id":"https:\/\/bancroft.emsb.qc.ca\/#\/schema\/logo\/image\/","url":"https:\/\/bancroft.emsb.qc.ca\/wp-content\/uploads\/sites\/6\/2024\/06\/bancroft-crest.png","contentUrl":"https:\/\/bancroft.emsb.qc.ca\/wp-content\/uploads\/sites\/6\/2024\/06\/bancroft-crest.png","width":1000,"height":944,"caption":"Bancroft Elementary School"},"image":{"@id":"https:\/\/bancroft.emsb.qc.ca\/#\/schema\/logo\/image\/"}}]}},"_links":{"self":[{"href":"https:\/\/bancroft.emsb.qc.ca\/fr\/wp-json\/wp\/v2\/pages\/6750","targetHints":{"allow":["GET"]}}],"collection":[{"href":"https:\/\/bancroft.emsb.qc.ca\/fr\/wp-json\/wp\/v2\/pages"}],"about":[{"href":"https:\/\/bancroft.emsb.qc.ca\/fr\/wp-json\/wp\/v2\/types\/page"}],"author":[{"embeddable":true,"href":"https:\/\/bancroft.emsb.qc.ca\/fr\/wp-json\/wp\/v2\/users\/3"}],"replies":[{"embeddable":true,"href":"https:\/\/bancroft.emsb.qc.ca\/fr\/wp-json\/wp\/v2\/comments?post=6750"}],"version-history":[{"count":29,"href":"https:\/\/bancroft.emsb.qc.ca\/fr\/wp-json\/wp\/v2\/pages\/6750\/revisions"}],"predecessor-version":[{"id":12374,"href":"https:\/\/bancroft.emsb.qc.ca\/fr\/wp-json\/wp\/v2\/pages\/6750\/revisions\/12374"}],"wp:attachment":[{"href":"https:\/\/bancroft.emsb.qc.ca\/fr\/wp-json\/wp\/v2\/media?parent=6750"}],"curies":[{"name":"wp","href":"https:\/\/api.w.org\/{rel}","templated":true}]}}