
{"id":11640,"date":"2024-08-26T10:17:12","date_gmt":"2024-08-26T14:17:12","guid":{"rendered":"https:\/\/bancroft.emsbstaging.com\/?page_id=11640"},"modified":"2025-02-11T15:03:41","modified_gmt":"2025-02-11T20:03:41","slug":"bussing-transportation","status":"publish","type":"page","link":"https:\/\/bancroft.emsb.qc.ca\/fr\/bussing-transportation\/","title":{"rendered":"Transport scolaire"},"content":{"rendered":"<div data-elementor-type=\"wp-page\" data-elementor-id=\"11640\" class=\"elementor elementor-11640\" data-elementor-post-type=\"page\">\n\t\t\t\t\t\t<section class=\"elementor-section elementor-top-section elementor-element elementor-element-3195d8b6 elementor-section-full_width elementor-section-height-default elementor-section-height-default\" data-id=\"3195d8b6\" data-element_type=\"section\" data-e-type=\"section\" data-settings=\"{&quot;jet_parallax_layout_list&quot;:[]}\">\n\t\t\t\t\t\t<div class=\"elementor-container elementor-column-gap-default\">\n\t\t\t\t\t<div class=\"elementor-column elementor-col-100 elementor-top-column elementor-element elementor-element-2a06b17a\" data-id=\"2a06b17a\" data-element_type=\"column\" data-e-type=\"column\">\n\t\t\t<div class=\"elementor-widget-wrap elementor-element-populated\">\n\t\t\t\t\t\t<div class=\"elementor-element elementor-element-6c884ea0 elementor-widget elementor-widget-image\" data-id=\"6c884ea0\" data-element_type=\"widget\" data-e-type=\"widget\" data-widget_type=\"image.default\">\n\t\t\t\t<div class=\"elementor-widget-container\">\n\t\t\t\t\t\t\t\t\t\t\t\t\t\t\t<img fetchpriority=\"high\" decoding=\"async\" width=\"768\" height=\"140\" src=\"https:\/\/bancroft.emsb.qc.ca\/wp-content\/uploads\/sites\/6\/2024\/06\/bancroft-banner-1920x350-8-768x140.jpg\" class=\"attachment-medium_large size-medium_large wp-image-11250\" alt=\"\" srcset=\"https:\/\/bancroft.emsb.qc.ca\/wp-content\/uploads\/sites\/6\/2024\/06\/bancroft-banner-1920x350-8-768x140.jpg 768w, https:\/\/bancroft.emsb.qc.ca\/wp-content\/uploads\/sites\/6\/2024\/06\/bancroft-banner-1920x350-8-300x55.jpg 300w, https:\/\/bancroft.emsb.qc.ca\/wp-content\/uploads\/sites\/6\/2024\/06\/bancroft-banner-1920x350-8-1024x187.jpg 1024w, https:\/\/bancroft.emsb.qc.ca\/wp-content\/uploads\/sites\/6\/2024\/06\/bancroft-banner-1920x350-8-1536x280.jpg 1536w, https:\/\/bancroft.emsb.qc.ca\/wp-content\/uploads\/sites\/6\/2024\/06\/bancroft-banner-1920x350-8-18x3.jpg 18w, https:\/\/bancroft.emsb.qc.ca\/wp-content\/uploads\/sites\/6\/2024\/06\/bancroft-banner-1920x350-8.jpg 1920w\" sizes=\"(max-width: 768px) 100vw, 768px\" \/>\t\t\t\t\t\t\t\t\t\t\t\t\t\t\t<\/div>\n\t\t\t\t<\/div>\n\t\t\t\t\t<\/div>\n\t\t<\/div>\n\t\t\t\t\t<\/div>\n\t\t<\/section>\n\t\t\t\t<section class=\"elementor-section elementor-top-section elementor-element elementor-element-11d4aed elementor-section-boxed elementor-section-height-default elementor-section-height-default\" data-id=\"11d4aed\" data-element_type=\"section\" data-e-type=\"section\" data-settings=\"{&quot;jet_parallax_layout_list&quot;:[]}\">\n\t\t\t\t\t\t<div class=\"elementor-container elementor-column-gap-default\">\n\t\t\t\t\t<div class=\"elementor-column elementor-col-100 elementor-top-column elementor-element elementor-element-b93f0d0\" data-id=\"b93f0d0\" data-element_type=\"column\" data-e-type=\"column\">\n\t\t\t<div class=\"elementor-widget-wrap elementor-element-populated\">\n\t\t\t\t\t\t<div class=\"elementor-element elementor-element-615ca99 elementor-widget elementor-widget-heading\" data-id=\"615ca99\" data-element_type=\"widget\" data-e-type=\"widget\" data-widget_type=\"heading.default\">\n\t\t\t\t<div class=\"elementor-widget-container\">\n\t\t\t\t\t<h2 class=\"elementor-heading-title elementor-size-default\">Transport scolaire<\/h2>\t\t\t\t<\/div>\n\t\t\t\t<\/div>\n\t\t\t\t<div class=\"elementor-element elementor-element-de758ad elementor-widget elementor-widget-text-editor\" data-id=\"de758ad\" data-element_type=\"widget\" data-e-type=\"widget\" data-widget_type=\"text-editor.default\">\n\t\t\t\t<div class=\"elementor-widget-container\">\n\t\t\t\t\t\t\t\t\t<p>Chaque \u00e9cole primaire de la CSEM dessert la communaut\u00e9 qui se trouve sur son territoire. Les enfants vivant dans ces limites et leurs fr\u00e8res et s\u0153urs ont la priorit\u00e9 sur les enfants vivant en dehors des limites de l'\u00e9cole lors de l'inscription \u00e0 l'\u00e9cole. Les \u00e9l\u00e8ves vivant en dehors des limites de l'\u00e9cole ne sont pas admissibles au transport scolaire.<\/p><p>Seuls les \u00e9l\u00e8ves admissibles au transport scolaire peuvent prendre le bus. Pour obtenir des renseignements sur l'admissibilit\u00e9 au transport scolaire, veuillez consulter le\u00a0<a title=\"emsb.qc.ca\" href=\"https:\/\/www.emsb.qc.ca\/fr-ca\/csem\/ecoles\/transport-et-fonctionnement\/transport\" target=\"_blank\" rel=\"noopener\">Site web de la CSEM<\/a>.<\/p>\t\t\t\t\t\t\t\t<\/div>\n\t\t\t\t<\/div>\n\t\t\t\t<div class=\"elementor-element elementor-element-401610b elementor-widget elementor-widget-heading\" data-id=\"401610b\" data-element_type=\"widget\" data-e-type=\"widget\" data-widget_type=\"heading.default\">\n\t\t\t\t<div class=\"elementor-widget-container\">\n\t\t\t\t\t<h2 class=\"elementor-heading-title elementor-size-default\">S\u00e9curit\u00e9 des bus scolaires pour les parents et les \u00e9l\u00e8ves<\/h2>\t\t\t\t<\/div>\n\t\t\t\t<\/div>\n\t\t\t\t<div class=\"elementor-element elementor-element-ccd8eee elementor-widget elementor-widget-text-editor\" data-id=\"ccd8eee\" data-element_type=\"widget\" data-e-type=\"widget\" data-widget_type=\"text-editor.default\">\n\t\t\t\t<div class=\"elementor-widget-container\">\n\t\t\t\t\t\t\t\t\t<ul><li>Tous les \u00e9l\u00e8ves doivent se comporter de mani\u00e8re s\u00e9curitaire et appropri\u00e9e \u00e0 l'arr\u00eat et dans le bus. Ils doivent rester assis en tout temps et parler calmement.<\/li><li>Les \u00e9l\u00e8ves ne sont pas autoris\u00e9s \u00e0 changer de bus scolaire, et les parents ne sont pas autoris\u00e9s \u00e0 prendre le bus avec leur enfant.<\/li><li>Si des probl\u00e8mes surviennent au cours de l'ann\u00e9e, les parents doivent en informer l'administration de l'\u00e9cole. Ils ne doivent PAS s'adresser directement au chauffeur d'autobus ou aux autres \u00e9l\u00e8ves.<\/li><\/ul>\t\t\t\t\t\t\t\t<\/div>\n\t\t\t\t<\/div>\n\t\t\t\t<div class=\"elementor-element elementor-element-67e09a6 elementor-widget elementor-widget-heading\" data-id=\"67e09a6\" data-element_type=\"widget\" data-e-type=\"widget\" data-widget_type=\"heading.default\">\n\t\t\t\t<div class=\"elementor-widget-container\">\n\t\t\t\t\t<h2 class=\"elementor-heading-title elementor-size-default\">Que faire si je veux r\u00e9cup\u00e9rer mon enfant apr\u00e8s l'\u00e9cole ?<\/h2>\t\t\t\t<\/div>\n\t\t\t\t<\/div>\n\t\t\t\t<div class=\"elementor-element elementor-element-b132b78 elementor-widget elementor-widget-text-editor\" data-id=\"b132b78\" data-element_type=\"widget\" data-e-type=\"widget\" data-widget_type=\"text-editor.default\">\n\t\t\t\t<div class=\"elementor-widget-container\">\n\t\t\t\t\t\t\t\t\t<ul><li>Si les parents souhaitent prendre d'autres dispositions pour que leur enfant rentre \u00e0 la maison une journ\u00e9e donn\u00e9e, ils sont pri\u00e9s d'en informer leur enseignant titulaire ainsi que le bureau de la direction par courriel afin que tout le monde soit au courant.<\/li><\/ul><p>Par mesure de s\u00e9curit\u00e9, il est recommand\u00e9 qu'un adulte en charge de l'enfant l'accompagne jusqu'\u00e0 l'arr\u00eat de bus d\u00e9sign\u00e9 au d\u00e9part ainsi qu'\u00e0 son retour.\u00a0<strong>Les \u00e9l\u00e8ves de la maternelle et de la 1re ann\u00e9e doivent obligatoirement \u00eatre accompagn\u00e9s par un adulte \u00e0 l'arr\u00eat d'autobus qui leur a \u00e9t\u00e9 assign\u00e9, \u00e0 l'aller comme au retour.<\/strong><\/p>\t\t\t\t\t\t\t\t<\/div>\n\t\t\t\t<\/div>\n\t\t\t\t<div class=\"elementor-element elementor-element-4e3990b elementor-widget elementor-widget-heading\" data-id=\"4e3990b\" data-element_type=\"widget\" data-e-type=\"widget\" data-widget_type=\"heading.default\">\n\t\t\t\t<div class=\"elementor-widget-container\">\n\t\t\t\t\t<h2 class=\"elementor-heading-title elementor-size-default\">Mon enfant a-t-il besoin d'un laissez-passer autobus?<\/h2>\t\t\t\t<\/div>\n\t\t\t\t<\/div>\n\t\t\t\t<div class=\"elementor-element elementor-element-3967c93 elementor-widget elementor-widget-text-editor\" data-id=\"3967c93\" data-element_type=\"widget\" data-e-type=\"widget\" data-widget_type=\"text-editor.default\">\n\t\t\t\t<div class=\"elementor-widget-container\">\n\t\t\t\t\t\t\t\t\t<p>Les chauffeurs sont inform\u00e9s que tous les \u00e9l\u00e8ves doivent \u00eatre munis d'un laissez-passer d'autobus pour monter \u00e0 bord de l'autobus scolaire.\u00a0\u00a0<u>Tout \u00e9l\u00e8ve ne portant pas de laissez-passer d'autobus doit \u00eatre signal\u00e9 au personnel de l'\u00e9cole.<\/u><\/p><table class=\"table table-condensed table-responsive\"><tbody><tr><th scope=\"row\" width=\"29%\">\u00c9l\u00e8ves inscrits :<\/th><td width=\"71%\">Le Service des transports de la CSEM produit des laissez-passer d'autobus lorsque les parcours d'autobus sont \u00e9tablis pendant l'\u00e9t\u00e9 et envoy\u00e9s par la poste aux parents.<\/td><\/tr><tr><th scope=\"row\">Nouveaux inscrits :<\/th><td>Un laissez-passer d'autobus temporaire est d\u00e9livr\u00e9 par le personnel de l'\u00e9cole et est valable jusqu'\u00e0 ce qu'un laissez-passer officiel soit fourni par le Service des transports.<\/td><\/tr><tr><th scope=\"row\">Bus de courtoisie :<\/th><td>Les laissez-passer de courtoisie sont \u00e9mis par le personnel de l'\u00e9cole, la date de distribution est d\u00e9termin\u00e9e par la direction de l'\u00e9cole.<\/td><\/tr><\/tbody><\/table>\t\t\t\t\t\t\t\t<\/div>\n\t\t\t\t<\/div>\n\t\t\t\t<div class=\"elementor-element elementor-element-7a64c05 elementor-align-justify elementor-widget elementor-widget-button\" data-id=\"7a64c05\" data-element_type=\"widget\" data-e-type=\"widget\" data-widget_type=\"button.default\">\n\t\t\t\t<div class=\"elementor-widget-container\">\n\t\t\t\t\t\t\t\t\t<div class=\"elementor-button-wrapper\">\n\t\t\t\t\t<a class=\"elementor-button elementor-button-link elementor-size-xs\" href=\"https:\/\/www.emsb.qc.ca\/fr-ca\/csem\/services\" target=\"_blank\">\n\t\t\t\t\t\t<span class=\"elementor-button-content-wrapper\">\n\t\t\t\t\t\t\t\t\t<span class=\"elementor-button-text\">Consulter le site Web de la CSEM pour plus d'informations.<\/span>\n\t\t\t\t\t<\/span>\n\t\t\t\t\t<\/a>\n\t\t\t\t<\/div>\n\t\t\t\t\t\t\t\t<\/div>\n\t\t\t\t<\/div>\n\t\t\t\t\t<\/div>\n\t\t<\/div>\n\t\t\t\t\t<\/div>\n\t\t<\/section>\n\t\t\t\t<\/div>","protected":false},"excerpt":{"rendered":"<p>Bussing and Transportation Each elementary school within the EMSB serves the community within it&#8217;s boundaries. Children living within these boundaries and their siblings have priority over children living outside of the school boundaries when registering at the school. Students living outside of the school boundaries are not eligible for bussing. Only students who are eligible [&hellip;]<\/p>\n","protected":false},"author":11,"featured_media":0,"parent":0,"menu_order":0,"comment_status":"closed","ping_status":"closed","template":"","meta":{"site-sidebar-layout":"no-sidebar","site-content-layout":"page-builder","ast-site-content-layout":"full-width-container","site-content-style":"unboxed","site-sidebar-style":"unboxed","ast-global-header-display":"","ast-banner-title-visibility":"","ast-main-header-display":"","ast-hfb-above-header-display":"","ast-hfb-below-header-display":"","ast-hfb-mobile-header-display":"","site-post-title":"disabled","ast-breadcrumbs-content":"","ast-featured-img":"disabled","footer-sml-layout":"","ast-disable-related-posts":"","theme-transparent-header-meta":"default","adv-header-id-meta":"","stick-header-meta":"","header-above-stick-meta":"","header-main-stick-meta":"","header-below-stick-meta":"","astra-migrate-meta-layouts":"set","ast-page-background-enabled":"default","ast-page-background-meta":{"desktop":{"background-color":"var(--ast-global-color-4)","background-image":"","background-repeat":"repeat","background-position":"center center","background-size":"auto","background-attachment":"scroll","background-type":"","background-media":"","overlay-type":"","overlay-color":"","overlay-opacity":"","overlay-gradient":""},"tablet":{"background-color":"","background-image":"","background-repeat":"repeat","background-position":"center center","background-size":"auto","background-attachment":"scroll","background-type":"","background-media":"","overlay-type":"","overlay-color":"","overlay-opacity":"","overlay-gradient":""},"mobile":{"background-color":"","background-image":"","background-repeat":"repeat","background-position":"center center","background-size":"auto","background-attachment":"scroll","background-type":"","background-media":"","overlay-type":"","overlay-color":"","overlay-opacity":"","overlay-gradient":""}},"ast-content-background-meta":{"desktop":{"background-color":"var(--ast-global-color-5)","background-image":"","background-repeat":"repeat","background-position":"center center","background-size":"auto","background-attachment":"scroll","background-type":"","background-media":"","overlay-type":"","overlay-color":"","overlay-opacity":"","overlay-gradient":""},"tablet":{"background-color":"var(--ast-global-color-5)","background-image":"","background-repeat":"repeat","background-position":"center center","background-size":"auto","background-attachment":"scroll","background-type":"","background-media":"","overlay-type":"","overlay-color":"","overlay-opacity":"","overlay-gradient":""},"mobile":{"background-color":"var(--ast-global-color-5)","background-image":"","background-repeat":"repeat","background-position":"center center","background-size":"auto","background-attachment":"scroll","background-type":"","background-media":"","overlay-type":"","overlay-color":"","overlay-opacity":"","overlay-gradient":""}},"footnotes":""},"class_list":["post-11640","page","type-page","status-publish","hentry"],"yoast_head":"<!-- This site is optimized with the Yoast SEO plugin v27.3 - https:\/\/yoast.com\/product\/yoast-seo-wordpress\/ -->\n<title>Bussing &amp; Transportation - Bancroft Elementary School<\/title>\n<meta name=\"robots\" content=\"index, follow, max-snippet:-1, max-image-preview:large, max-video-preview:-1\" \/>\n<link rel=\"canonical\" href=\"https:\/\/bancroft.emsb.qc.ca\/fr\/bussing-transportation\/\" \/>\n<meta property=\"og:locale\" content=\"fr_FR\" \/>\n<meta property=\"og:type\" content=\"article\" \/>\n<meta property=\"og:title\" content=\"Bussing &amp; Transportation - Bancroft Elementary School\" \/>\n<meta property=\"og:description\" content=\"Bussing and Transportation Each elementary school within the EMSB serves the community within it&#8217;s boundaries. Children living within these boundaries and their siblings have priority over children living outside of the school boundaries when registering at the school. Students living outside of the school boundaries are not eligible for bussing. Only students who are eligible [&hellip;]\" \/>\n<meta property=\"og:url\" content=\"https:\/\/bancroft.emsb.qc.ca\/fr\/bussing-transportation\/\" \/>\n<meta property=\"og:site_name\" content=\"Bancroft Elementary School\" \/>\n<meta property=\"article:modified_time\" content=\"2025-02-11T20:03:41+00:00\" \/>\n<meta property=\"og:image\" content=\"https:\/\/bancroft.emsb.qc.ca\/wp-content\/uploads\/sites\/6\/2024\/06\/bancroft-banner-1920x350-8.jpg\" \/>\n\t<meta property=\"og:image:width\" content=\"1920\" \/>\n\t<meta property=\"og:image:height\" content=\"350\" \/>\n\t<meta property=\"og:image:type\" content=\"image\/jpeg\" \/>\n<meta name=\"twitter:card\" content=\"summary_large_image\" \/>\n<meta name=\"twitter:label1\" content=\"Dur\u00e9e de lecture estim\u00e9e\" \/>\n\t<meta name=\"twitter:data1\" content=\"2 minutes\" \/>\n<script type=\"application\/ld+json\" class=\"yoast-schema-graph\">{\"@context\":\"https:\\\/\\\/schema.org\",\"@graph\":[{\"@type\":\"WebPage\",\"@id\":\"https:\\\/\\\/bancroft.emsb.qc.ca\\\/bussing-transportation\\\/\",\"url\":\"https:\\\/\\\/bancroft.emsb.qc.ca\\\/bussing-transportation\\\/\",\"name\":\"Bussing &amp; Transportation - Bancroft Elementary School\",\"isPartOf\":{\"@id\":\"https:\\\/\\\/bancroft.emsb.qc.ca\\\/#website\"},\"primaryImageOfPage\":{\"@id\":\"https:\\\/\\\/bancroft.emsb.qc.ca\\\/bussing-transportation\\\/#primaryimage\"},\"image\":{\"@id\":\"https:\\\/\\\/bancroft.emsb.qc.ca\\\/bussing-transportation\\\/#primaryimage\"},\"thumbnailUrl\":\"https:\\\/\\\/bancroft.emsb.qc.ca\\\/wp-content\\\/uploads\\\/sites\\\/6\\\/2024\\\/06\\\/bancroft-banner-1920x350-8-768x140.jpg\",\"datePublished\":\"2024-08-26T14:17:12+00:00\",\"dateModified\":\"2025-02-11T20:03:41+00:00\",\"breadcrumb\":{\"@id\":\"https:\\\/\\\/bancroft.emsb.qc.ca\\\/bussing-transportation\\\/#breadcrumb\"},\"inLanguage\":\"fr-FR\",\"potentialAction\":[{\"@type\":\"ReadAction\",\"target\":[\"https:\\\/\\\/bancroft.emsb.qc.ca\\\/bussing-transportation\\\/\"]}]},{\"@type\":\"ImageObject\",\"inLanguage\":\"fr-FR\",\"@id\":\"https:\\\/\\\/bancroft.emsb.qc.ca\\\/bussing-transportation\\\/#primaryimage\",\"url\":\"https:\\\/\\\/bancroft.emsb.qc.ca\\\/wp-content\\\/uploads\\\/sites\\\/6\\\/2024\\\/06\\\/bancroft-banner-1920x350-8-768x140.jpg\",\"contentUrl\":\"https:\\\/\\\/bancroft.emsb.qc.ca\\\/wp-content\\\/uploads\\\/sites\\\/6\\\/2024\\\/06\\\/bancroft-banner-1920x350-8-768x140.jpg\"},{\"@type\":\"BreadcrumbList\",\"@id\":\"https:\\\/\\\/bancroft.emsb.qc.ca\\\/bussing-transportation\\\/#breadcrumb\",\"itemListElement\":[{\"@type\":\"ListItem\",\"position\":1,\"name\":\"Home\",\"item\":\"https:\\\/\\\/bancroft.emsb.qc.ca\\\/\"},{\"@type\":\"ListItem\",\"position\":2,\"name\":\"Bussing &amp; Transportation\"}]},{\"@type\":\"WebSite\",\"@id\":\"https:\\\/\\\/bancroft.emsb.qc.ca\\\/#website\",\"url\":\"https:\\\/\\\/bancroft.emsb.qc.ca\\\/\",\"name\":\"Bancroft Elementary School\",\"description\":\"Bancroft Elementary School\",\"publisher\":{\"@id\":\"https:\\\/\\\/bancroft.emsb.qc.ca\\\/#organization\"},\"potentialAction\":[{\"@type\":\"SearchAction\",\"target\":{\"@type\":\"EntryPoint\",\"urlTemplate\":\"https:\\\/\\\/bancroft.emsb.qc.ca\\\/?s={search_term_string}\"},\"query-input\":{\"@type\":\"PropertyValueSpecification\",\"valueRequired\":true,\"valueName\":\"search_term_string\"}}],\"inLanguage\":\"fr-FR\"},{\"@type\":\"Organization\",\"@id\":\"https:\\\/\\\/bancroft.emsb.qc.ca\\\/#organization\",\"name\":\"Bancroft Elementary School\",\"url\":\"https:\\\/\\\/bancroft.emsb.qc.ca\\\/\",\"logo\":{\"@type\":\"ImageObject\",\"inLanguage\":\"fr-FR\",\"@id\":\"https:\\\/\\\/bancroft.emsb.qc.ca\\\/#\\\/schema\\\/logo\\\/image\\\/\",\"url\":\"https:\\\/\\\/bancroft.emsb.qc.ca\\\/wp-content\\\/uploads\\\/sites\\\/6\\\/2024\\\/06\\\/bancroft-crest.png\",\"contentUrl\":\"https:\\\/\\\/bancroft.emsb.qc.ca\\\/wp-content\\\/uploads\\\/sites\\\/6\\\/2024\\\/06\\\/bancroft-crest.png\",\"width\":1000,\"height\":944,\"caption\":\"Bancroft Elementary School\"},\"image\":{\"@id\":\"https:\\\/\\\/bancroft.emsb.qc.ca\\\/#\\\/schema\\\/logo\\\/image\\\/\"}}]}<\/script>\n<!-- \/ Yoast SEO plugin. -->","yoast_head_json":{"title":"Transport scolaire - Bancroft Elementary School","robots":{"index":"index","follow":"follow","max-snippet":"max-snippet:-1","max-image-preview":"max-image-preview:large","max-video-preview":"max-video-preview:-1"},"canonical":"https:\/\/bancroft.emsb.qc.ca\/fr\/bussing-transportation\/","og_locale":"fr_FR","og_type":"article","og_title":"Bussing &amp; Transportation - Bancroft Elementary School","og_description":"Bussing and Transportation Each elementary school within the EMSB serves the community within it&#8217;s boundaries. Children living within these boundaries and their siblings have priority over children living outside of the school boundaries when registering at the school. Students living outside of the school boundaries are not eligible for bussing. Only students who are eligible [&hellip;]","og_url":"https:\/\/bancroft.emsb.qc.ca\/fr\/bussing-transportation\/","og_site_name":"Bancroft Elementary School","article_modified_time":"2025-02-11T20:03:41+00:00","og_image":[{"width":1920,"height":350,"url":"https:\/\/bancroft.emsb.qc.ca\/wp-content\/uploads\/sites\/6\/2024\/06\/bancroft-banner-1920x350-8.jpg","type":"image\/jpeg"}],"twitter_card":"summary_large_image","twitter_misc":{"Dur\u00e9e de lecture estim\u00e9e":"2 minutes"},"schema":{"@context":"https:\/\/schema.org","@graph":[{"@type":"WebPage","@id":"https:\/\/bancroft.emsb.qc.ca\/bussing-transportation\/","url":"https:\/\/bancroft.emsb.qc.ca\/bussing-transportation\/","name":"Transport scolaire - Bancroft Elementary School","isPartOf":{"@id":"https:\/\/bancroft.emsb.qc.ca\/#website"},"primaryImageOfPage":{"@id":"https:\/\/bancroft.emsb.qc.ca\/bussing-transportation\/#primaryimage"},"image":{"@id":"https:\/\/bancroft.emsb.qc.ca\/bussing-transportation\/#primaryimage"},"thumbnailUrl":"https:\/\/bancroft.emsb.qc.ca\/wp-content\/uploads\/sites\/6\/2024\/06\/bancroft-banner-1920x350-8-768x140.jpg","datePublished":"2024-08-26T14:17:12+00:00","dateModified":"2025-02-11T20:03:41+00:00","breadcrumb":{"@id":"https:\/\/bancroft.emsb.qc.ca\/bussing-transportation\/#breadcrumb"},"inLanguage":"fr-FR","potentialAction":[{"@type":"ReadAction","target":["https:\/\/bancroft.emsb.qc.ca\/bussing-transportation\/"]}]},{"@type":"ImageObject","inLanguage":"fr-FR","@id":"https:\/\/bancroft.emsb.qc.ca\/bussing-transportation\/#primaryimage","url":"https:\/\/bancroft.emsb.qc.ca\/wp-content\/uploads\/sites\/6\/2024\/06\/bancroft-banner-1920x350-8-768x140.jpg","contentUrl":"https:\/\/bancroft.emsb.qc.ca\/wp-content\/uploads\/sites\/6\/2024\/06\/bancroft-banner-1920x350-8-768x140.jpg"},{"@type":"BreadcrumbList","@id":"https:\/\/bancroft.emsb.qc.ca\/bussing-transportation\/#breadcrumb","itemListElement":[{"@type":"ListItem","position":1,"name":"Home","item":"https:\/\/bancroft.emsb.qc.ca\/"},{"@type":"ListItem","position":2,"name":"Bussing &amp; Transportation"}]},{"@type":"WebSite","@id":"https:\/\/bancroft.emsb.qc.ca\/#website","url":"https:\/\/bancroft.emsb.qc.ca\/","name":"\u00c9cole primaire Bancroft","description":"\u00c9cole primaire Bancroft","publisher":{"@id":"https:\/\/bancroft.emsb.qc.ca\/#organization"},"potentialAction":[{"@type":"SearchAction","target":{"@type":"EntryPoint","urlTemplate":"https:\/\/bancroft.emsb.qc.ca\/?s={search_term_string}"},"query-input":{"@type":"PropertyValueSpecification","valueRequired":true,"valueName":"search_term_string"}}],"inLanguage":"fr-FR"},{"@type":"Organization","@id":"https:\/\/bancroft.emsb.qc.ca\/#organization","name":"\u00c9cole primaire Bancroft","url":"https:\/\/bancroft.emsb.qc.ca\/","logo":{"@type":"ImageObject","inLanguage":"fr-FR","@id":"https:\/\/bancroft.emsb.qc.ca\/#\/schema\/logo\/image\/","url":"https:\/\/bancroft.emsb.qc.ca\/wp-content\/uploads\/sites\/6\/2024\/06\/bancroft-crest.png","contentUrl":"https:\/\/bancroft.emsb.qc.ca\/wp-content\/uploads\/sites\/6\/2024\/06\/bancroft-crest.png","width":1000,"height":944,"caption":"Bancroft Elementary School"},"image":{"@id":"https:\/\/bancroft.emsb.qc.ca\/#\/schema\/logo\/image\/"}}]}},"_links":{"self":[{"href":"https:\/\/bancroft.emsb.qc.ca\/fr\/wp-json\/wp\/v2\/pages\/11640","targetHints":{"allow":["GET"]}}],"collection":[{"href":"https:\/\/bancroft.emsb.qc.ca\/fr\/wp-json\/wp\/v2\/pages"}],"about":[{"href":"https:\/\/bancroft.emsb.qc.ca\/fr\/wp-json\/wp\/v2\/types\/page"}],"author":[{"embeddable":true,"href":"https:\/\/bancroft.emsb.qc.ca\/fr\/wp-json\/wp\/v2\/users\/11"}],"replies":[{"embeddable":true,"href":"https:\/\/bancroft.emsb.qc.ca\/fr\/wp-json\/wp\/v2\/comments?post=11640"}],"version-history":[{"count":16,"href":"https:\/\/bancroft.emsb.qc.ca\/fr\/wp-json\/wp\/v2\/pages\/11640\/revisions"}],"predecessor-version":[{"id":12377,"href":"https:\/\/bancroft.emsb.qc.ca\/fr\/wp-json\/wp\/v2\/pages\/11640\/revisions\/12377"}],"wp:attachment":[{"href":"https:\/\/bancroft.emsb.qc.ca\/fr\/wp-json\/wp\/v2\/media?parent=11640"}],"curies":[{"name":"wp","href":"https:\/\/api.w.org\/{rel}","templated":true}]}}