
{"id":11581,"date":"2024-08-26T09:20:56","date_gmt":"2024-08-26T13:20:56","guid":{"rendered":"https:\/\/bancroft.emsbstaging.com\/?page_id=11581"},"modified":"2025-09-17T10:19:45","modified_gmt":"2025-09-17T14:19:45","slug":"bancroft-standards-procedures","status":"publish","type":"page","link":"https:\/\/bancroft.emsb.qc.ca\/fr\/bancroft-standards-procedures\/","title":{"rendered":"Normes et proc\u00e9dures"},"content":{"rendered":"<div data-elementor-type=\"wp-page\" data-elementor-id=\"11581\" class=\"elementor elementor-11581\" data-elementor-post-type=\"page\">\n\t\t\t\t\t\t<section class=\"elementor-section elementor-top-section elementor-element elementor-element-3195d8b6 elementor-section-full_width elementor-section-height-default elementor-section-height-default\" data-id=\"3195d8b6\" data-element_type=\"section\" data-e-type=\"section\" data-settings=\"{&quot;jet_parallax_layout_list&quot;:[]}\">\n\t\t\t\t\t\t<div class=\"elementor-container elementor-column-gap-default\">\n\t\t\t\t\t<div class=\"elementor-column elementor-col-100 elementor-top-column elementor-element elementor-element-2a06b17a\" data-id=\"2a06b17a\" data-element_type=\"column\" data-e-type=\"column\">\n\t\t\t<div class=\"elementor-widget-wrap elementor-element-populated\">\n\t\t\t\t\t\t<div class=\"elementor-element elementor-element-6c884ea0 elementor-widget elementor-widget-image\" data-id=\"6c884ea0\" data-element_type=\"widget\" data-e-type=\"widget\" data-widget_type=\"image.default\">\n\t\t\t\t<div class=\"elementor-widget-container\">\n\t\t\t\t\t\t\t\t\t\t\t\t\t\t\t<img fetchpriority=\"high\" decoding=\"async\" width=\"768\" height=\"140\" src=\"https:\/\/bancroft.emsb.qc.ca\/wp-content\/uploads\/sites\/6\/2024\/06\/bancroft-banner-1920x350-8-768x140.jpg\" class=\"attachment-medium_large size-medium_large wp-image-11250\" alt=\"\" srcset=\"https:\/\/bancroft.emsb.qc.ca\/wp-content\/uploads\/sites\/6\/2024\/06\/bancroft-banner-1920x350-8-768x140.jpg 768w, https:\/\/bancroft.emsb.qc.ca\/wp-content\/uploads\/sites\/6\/2024\/06\/bancroft-banner-1920x350-8-300x55.jpg 300w, https:\/\/bancroft.emsb.qc.ca\/wp-content\/uploads\/sites\/6\/2024\/06\/bancroft-banner-1920x350-8-1024x187.jpg 1024w, https:\/\/bancroft.emsb.qc.ca\/wp-content\/uploads\/sites\/6\/2024\/06\/bancroft-banner-1920x350-8-1536x280.jpg 1536w, https:\/\/bancroft.emsb.qc.ca\/wp-content\/uploads\/sites\/6\/2024\/06\/bancroft-banner-1920x350-8-18x3.jpg 18w, https:\/\/bancroft.emsb.qc.ca\/wp-content\/uploads\/sites\/6\/2024\/06\/bancroft-banner-1920x350-8.jpg 1920w\" sizes=\"(max-width: 768px) 100vw, 768px\" \/>\t\t\t\t\t\t\t\t\t\t\t\t\t\t\t<\/div>\n\t\t\t\t<\/div>\n\t\t\t\t\t<\/div>\n\t\t<\/div>\n\t\t\t\t\t<\/div>\n\t\t<\/section>\n\t\t\t\t<section class=\"elementor-section elementor-top-section elementor-element elementor-element-11d4aed elementor-section-boxed elementor-section-height-default elementor-section-height-default\" data-id=\"11d4aed\" data-element_type=\"section\" data-e-type=\"section\" data-settings=\"{&quot;jet_parallax_layout_list&quot;:[]}\">\n\t\t\t\t\t\t<div class=\"elementor-container elementor-column-gap-default\">\n\t\t\t\t\t<div class=\"elementor-column elementor-col-100 elementor-top-column elementor-element elementor-element-b93f0d0\" data-id=\"b93f0d0\" data-element_type=\"column\" data-e-type=\"column\">\n\t\t\t<div class=\"elementor-widget-wrap elementor-element-populated\">\n\t\t\t\t\t\t<div class=\"elementor-element elementor-element-882a37e elementor-widget elementor-widget-spacer\" data-id=\"882a37e\" data-element_type=\"widget\" data-e-type=\"widget\" data-widget_type=\"spacer.default\">\n\t\t\t\t<div class=\"elementor-widget-container\">\n\t\t\t\t\t\t\t<div class=\"elementor-spacer\">\n\t\t\t<div class=\"elementor-spacer-inner\"><\/div>\n\t\t<\/div>\n\t\t\t\t\t\t<\/div>\n\t\t\t\t<\/div>\n\t\t\t\t\t<\/div>\n\t\t<\/div>\n\t\t\t\t\t<\/div>\n\t\t<\/section>\n\t\t\t\t<section class=\"elementor-section elementor-top-section elementor-element elementor-element-2133e67 elementor-section-boxed elementor-section-height-default elementor-section-height-default\" data-id=\"2133e67\" data-element_type=\"section\" data-e-type=\"section\" data-settings=\"{&quot;jet_parallax_layout_list&quot;:[]}\">\n\t\t\t\t\t\t<div class=\"elementor-container elementor-column-gap-default\">\n\t\t\t\t\t<div class=\"elementor-column elementor-col-100 elementor-top-column elementor-element elementor-element-2b10526\" data-id=\"2b10526\" data-element_type=\"column\" data-e-type=\"column\">\n\t\t\t<div class=\"elementor-widget-wrap elementor-element-populated\">\n\t\t\t\t\t\t<div class=\"elementor-element elementor-element-b4677b5 elementor-widget elementor-widget-heading\" data-id=\"b4677b5\" data-element_type=\"widget\" data-e-type=\"widget\" data-widget_type=\"heading.default\">\n\t\t\t\t<div class=\"elementor-widget-container\">\n\t\t\t\t\t<h2 class=\"elementor-heading-title elementor-size-default\">Normes et proc\u00e9dures en classe<\/h2>\t\t\t\t<\/div>\n\t\t\t\t<\/div>\n\t\t\t\t<div class=\"elementor-element elementor-element-67f1790 elementor-widget elementor-widget-text-editor\" data-id=\"67f1790\" data-element_type=\"widget\" data-e-type=\"widget\" data-widget_type=\"text-editor.default\">\n\t\t\t\t<div class=\"elementor-widget-container\">\n\t\t\t\t\t\t\t\t\t<p class=\"small\">Les normes et modalit\u00e9s d'\u00e9valuation sont des documents officiels relatifs \u00e0 l'\u00e9valuation des \u00e9l\u00e8ves. Ils fournissent un r\u00e9sum\u00e9 des crit\u00e8res d'\u00e9valuation pour chaque mati\u00e8re, ainsi que l'horaire des examens. Les normes et proc\u00e9dures sont mises \u00e0 jour au d\u00e9but de l'ann\u00e9e scolaire par les enseignants et approuv\u00e9es par la direction de l'\u00e9cole.<\/p>\t\t\t\t\t\t\t\t<\/div>\n\t\t\t\t<\/div>\n\t\t\t\t\t<\/div>\n\t\t<\/div>\n\t\t\t\t\t<\/div>\n\t\t<\/section>\n\t\t\t\t<section class=\"elementor-section elementor-top-section elementor-element elementor-element-6110756 elementor-section-boxed elementor-section-height-default elementor-section-height-default\" data-id=\"6110756\" data-element_type=\"section\" data-e-type=\"section\" data-settings=\"{&quot;jet_parallax_layout_list&quot;:[]}\">\n\t\t\t\t\t\t<div class=\"elementor-container elementor-column-gap-default\">\n\t\t\t\t\t<div class=\"elementor-column elementor-col-100 elementor-top-column elementor-element elementor-element-b928112\" data-id=\"b928112\" data-element_type=\"column\" data-e-type=\"column\">\n\t\t\t<div class=\"elementor-widget-wrap elementor-element-populated\">\n\t\t\t\t\t\t<section class=\"elementor-section elementor-inner-section elementor-element elementor-element-bfb427c elementor-section-boxed elementor-section-height-default elementor-section-height-default\" data-id=\"bfb427c\" data-element_type=\"section\" data-e-type=\"section\" data-settings=\"{&quot;jet_parallax_layout_list&quot;:[]}\">\n\t\t\t\t\t\t<div class=\"elementor-container elementor-column-gap-default\">\n\t\t\t\t\t<div class=\"elementor-column elementor-col-50 elementor-inner-column elementor-element elementor-element-17f412f\" data-id=\"17f412f\" data-element_type=\"column\" data-e-type=\"column\">\n\t\t\t<div class=\"elementor-widget-wrap elementor-element-populated\">\n\t\t\t\t\t\t<div class=\"elementor-element elementor-element-44f8c2d elementor-widget elementor-widget-heading\" data-id=\"44f8c2d\" data-element_type=\"widget\" data-e-type=\"widget\" data-widget_type=\"heading.default\">\n\t\t\t\t<div class=\"elementor-widget-container\">\n\t\t\t\t\t<h2 class=\"elementor-heading-title elementor-size-default\">2025 - 2026<\/h2>\t\t\t\t<\/div>\n\t\t\t\t<\/div>\n\t\t\t\t<div class=\"elementor-element elementor-element-b4ab7ae elementor-align-justify elementor-widget elementor-widget-button\" data-id=\"b4ab7ae\" data-element_type=\"widget\" data-e-type=\"widget\" data-widget_type=\"button.default\">\n\t\t\t\t<div class=\"elementor-widget-container\">\n\t\t\t\t\t\t\t\t\t<div class=\"elementor-button-wrapper\">\n\t\t\t\t\t<a class=\"elementor-button elementor-button-link elementor-size-xs\" href=\"https:\/\/cdn.agilitycms.com\/emsb\/temp-docs\/bancroft\/preschool-standards-and-procedures.pdf\" target=\"_blank\">\n\t\t\t\t\t\t<span class=\"elementor-button-content-wrapper\">\n\t\t\t\t\t\t\t\t\t<span class=\"elementor-button-text\">La maternel<\/span>\n\t\t\t\t\t<\/span>\n\t\t\t\t\t<\/a>\n\t\t\t\t<\/div>\n\t\t\t\t\t\t\t\t<\/div>\n\t\t\t\t<\/div>\n\t\t\t\t<div class=\"elementor-element elementor-element-98bf859 elementor-align-justify elementor-widget elementor-widget-button\" data-id=\"98bf859\" data-element_type=\"widget\" data-e-type=\"widget\" data-widget_type=\"button.default\">\n\t\t\t\t<div class=\"elementor-widget-container\">\n\t\t\t\t\t\t\t\t\t<div class=\"elementor-button-wrapper\">\n\t\t\t\t\t<a class=\"elementor-button elementor-button-link elementor-size-xs\" href=\"https:\/\/bancroft.emsb.qc.ca\/wp-content\/uploads\/sites\/6\/2025\/09\/Cycle-1-Standards-and-Procedures.pdf\" target=\"_blank\">\n\t\t\t\t\t\t<span class=\"elementor-button-content-wrapper\">\n\t\t\t\t\t\t\t\t\t<span class=\"elementor-button-text\">Premier cycle<\/span>\n\t\t\t\t\t<\/span>\n\t\t\t\t\t<\/a>\n\t\t\t\t<\/div>\n\t\t\t\t\t\t\t\t<\/div>\n\t\t\t\t<\/div>\n\t\t\t\t<div class=\"elementor-element elementor-element-48cc4a4 elementor-align-justify elementor-widget elementor-widget-button\" data-id=\"48cc4a4\" data-element_type=\"widget\" data-e-type=\"widget\" data-widget_type=\"button.default\">\n\t\t\t\t<div class=\"elementor-widget-container\">\n\t\t\t\t\t\t\t\t\t<div class=\"elementor-button-wrapper\">\n\t\t\t\t\t<a class=\"elementor-button elementor-button-link elementor-size-xs\" href=\"https:\/\/bancroft.emsb.qc.ca\/wp-content\/uploads\/sites\/6\/2025\/09\/Cycle-2-Standards-and-Procedures.pdf\" target=\"_blank\">\n\t\t\t\t\t\t<span class=\"elementor-button-content-wrapper\">\n\t\t\t\t\t\t\t\t\t<span class=\"elementor-button-text\">Deuxi\u00e8me cycle<\/span>\n\t\t\t\t\t<\/span>\n\t\t\t\t\t<\/a>\n\t\t\t\t<\/div>\n\t\t\t\t\t\t\t\t<\/div>\n\t\t\t\t<\/div>\n\t\t\t\t<div class=\"elementor-element elementor-element-85ea364 elementor-align-justify elementor-widget elementor-widget-button\" data-id=\"85ea364\" data-element_type=\"widget\" data-e-type=\"widget\" data-widget_type=\"button.default\">\n\t\t\t\t<div class=\"elementor-widget-container\">\n\t\t\t\t\t\t\t\t\t<div class=\"elementor-button-wrapper\">\n\t\t\t\t\t<a class=\"elementor-button elementor-button-link elementor-size-xs\" href=\"https:\/\/bancroft.emsb.qc.ca\/wp-content\/uploads\/sites\/6\/2025\/09\/Cycle-3-Standards-and-Procedures.pdf\" target=\"_blank\">\n\t\t\t\t\t\t<span class=\"elementor-button-content-wrapper\">\n\t\t\t\t\t\t\t\t\t<span class=\"elementor-button-text\">Troisi\u00e8me cycle<\/span>\n\t\t\t\t\t<\/span>\n\t\t\t\t\t<\/a>\n\t\t\t\t<\/div>\n\t\t\t\t\t\t\t\t<\/div>\n\t\t\t\t<\/div>\n\t\t\t\t\t<\/div>\n\t\t<\/div>\n\t\t\t\t<div class=\"elementor-column elementor-col-50 elementor-inner-column elementor-element elementor-element-4024931\" data-id=\"4024931\" data-element_type=\"column\" data-e-type=\"column\">\n\t\t\t<div class=\"elementor-widget-wrap elementor-element-populated\">\n\t\t\t\t\t\t<div class=\"elementor-element elementor-element-245487f elementor-widget elementor-widget-image\" data-id=\"245487f\" data-element_type=\"widget\" data-e-type=\"widget\" data-widget_type=\"image.default\">\n\t\t\t\t<div class=\"elementor-widget-container\">\n\t\t\t\t\t\t\t\t\t\t\t\t\t\t\t<img decoding=\"async\" width=\"150\" height=\"150\" src=\"https:\/\/bancroft.emsb.qc.ca\/wp-content\/uploads\/sites\/6\/2024\/06\/bancroft-crest.png\" class=\"attachment-thumbnail size-thumbnail wp-image-11114\" alt=\"\" srcset=\"https:\/\/bancroft.emsb.qc.ca\/wp-content\/uploads\/sites\/6\/2024\/06\/bancroft-crest-150x150.png 150w, https:\/\/bancroft.emsb.qc.ca\/wp-content\/uploads\/sites\/6\/2024\/06\/bancroft-crest-13x12.png 13w\" sizes=\"(max-width: 150px) 100vw, 150px\" \/>\t\t\t\t\t\t\t\t\t\t\t\t\t\t\t<\/div>\n\t\t\t\t<\/div>\n\t\t\t\t\t<\/div>\n\t\t<\/div>\n\t\t\t\t\t<\/div>\n\t\t<\/section>\n\t\t\t\t\t<\/div>\n\t\t<\/div>\n\t\t\t\t\t<\/div>\n\t\t<\/section>\n\t\t\t\t<\/div>","protected":false},"excerpt":{"rendered":"<p>Classroom Standards &amp; Procedures Standards and Procedures are official documents pertaining to the evaluation of student learning. They provide a summary of the evaluation criteria for each subject, and the period during which exams are scheduled. Standards and procedures are updated at the beginning of the school year by teachers and approved by the school [&hellip;]<\/p>\n","protected":false},"author":11,"featured_media":0,"parent":0,"menu_order":0,"comment_status":"closed","ping_status":"closed","template":"","meta":{"site-sidebar-layout":"no-sidebar","site-content-layout":"page-builder","ast-site-content-layout":"full-width-container","site-content-style":"unboxed","site-sidebar-style":"unboxed","ast-global-header-display":"","ast-banner-title-visibility":"","ast-main-header-display":"","ast-hfb-above-header-display":"","ast-hfb-below-header-display":"","ast-hfb-mobile-header-display":"","site-post-title":"disabled","ast-breadcrumbs-content":"","ast-featured-img":"disabled","footer-sml-layout":"","ast-disable-related-posts":"","theme-transparent-header-meta":"default","adv-header-id-meta":"","stick-header-meta":"","header-above-stick-meta":"","header-main-stick-meta":"","header-below-stick-meta":"","astra-migrate-meta-layouts":"set","ast-page-background-enabled":"default","ast-page-background-meta":{"desktop":{"background-color":"var(--ast-global-color-4)","background-image":"","background-repeat":"repeat","background-position":"center center","background-size":"auto","background-attachment":"scroll","background-type":"","background-media":"","overlay-type":"","overlay-color":"","overlay-opacity":"","overlay-gradient":""},"tablet":{"background-color":"","background-image":"","background-repeat":"repeat","background-position":"center center","background-size":"auto","background-attachment":"scroll","background-type":"","background-media":"","overlay-type":"","overlay-color":"","overlay-opacity":"","overlay-gradient":""},"mobile":{"background-color":"","background-image":"","background-repeat":"repeat","background-position":"center center","background-size":"auto","background-attachment":"scroll","background-type":"","background-media":"","overlay-type":"","overlay-color":"","overlay-opacity":"","overlay-gradient":""}},"ast-content-background-meta":{"desktop":{"background-color":"var(--ast-global-color-5)","background-image":"","background-repeat":"repeat","background-position":"center center","background-size":"auto","background-attachment":"scroll","background-type":"","background-media":"","overlay-type":"","overlay-color":"","overlay-opacity":"","overlay-gradient":""},"tablet":{"background-color":"var(--ast-global-color-5)","background-image":"","background-repeat":"repeat","background-position":"center center","background-size":"auto","background-attachment":"scroll","background-type":"","background-media":"","overlay-type":"","overlay-color":"","overlay-opacity":"","overlay-gradient":""},"mobile":{"background-color":"var(--ast-global-color-5)","background-image":"","background-repeat":"repeat","background-position":"center center","background-size":"auto","background-attachment":"scroll","background-type":"","background-media":"","overlay-type":"","overlay-color":"","overlay-opacity":"","overlay-gradient":""}},"footnotes":""},"class_list":["post-11581","page","type-page","status-publish","hentry"],"yoast_head":"<!-- This site is optimized with the Yoast SEO plugin v27.3 - https:\/\/yoast.com\/product\/yoast-seo-wordpress\/ -->\n<title>Standards &amp; Procedures - Bancroft Elementary School<\/title>\n<meta name=\"robots\" content=\"index, follow, max-snippet:-1, max-image-preview:large, max-video-preview:-1\" \/>\n<link rel=\"canonical\" href=\"https:\/\/bancroft.emsb.qc.ca\/fr\/bancroft-standards-procedures\/\" \/>\n<meta property=\"og:locale\" content=\"fr_FR\" \/>\n<meta property=\"og:type\" content=\"article\" \/>\n<meta property=\"og:title\" content=\"Standards &amp; Procedures - Bancroft Elementary School\" \/>\n<meta property=\"og:description\" content=\"Classroom Standards &amp; Procedures Standards and Procedures are official documents pertaining to the evaluation of student learning. They provide a summary of the evaluation criteria for each subject, and the period during which exams are scheduled. Standards and procedures are updated at the beginning of the school year by teachers and approved by the school [&hellip;]\" \/>\n<meta property=\"og:url\" content=\"https:\/\/bancroft.emsb.qc.ca\/fr\/bancroft-standards-procedures\/\" \/>\n<meta property=\"og:site_name\" content=\"Bancroft Elementary School\" \/>\n<meta property=\"article:modified_time\" content=\"2025-09-17T14:19:45+00:00\" \/>\n<meta property=\"og:image\" content=\"https:\/\/bancroft.emsb.qc.ca\/wp-content\/uploads\/sites\/6\/2024\/06\/bancroft-banner-1920x350-8.jpg\" \/>\n\t<meta property=\"og:image:width\" content=\"1920\" \/>\n\t<meta property=\"og:image:height\" content=\"350\" \/>\n\t<meta property=\"og:image:type\" content=\"image\/jpeg\" \/>\n<meta name=\"twitter:card\" content=\"summary_large_image\" \/>\n<meta name=\"twitter:label1\" content=\"Dur\u00e9e de lecture estim\u00e9e\" \/>\n\t<meta name=\"twitter:data1\" content=\"1 minute\" \/>\n<script type=\"application\/ld+json\" class=\"yoast-schema-graph\">{\"@context\":\"https:\\\/\\\/schema.org\",\"@graph\":[{\"@type\":\"WebPage\",\"@id\":\"https:\\\/\\\/bancroft.emsb.qc.ca\\\/bancroft-standards-procedures\\\/\",\"url\":\"https:\\\/\\\/bancroft.emsb.qc.ca\\\/bancroft-standards-procedures\\\/\",\"name\":\"Standards &amp; Procedures - Bancroft Elementary School\",\"isPartOf\":{\"@id\":\"https:\\\/\\\/bancroft.emsb.qc.ca\\\/#website\"},\"primaryImageOfPage\":{\"@id\":\"https:\\\/\\\/bancroft.emsb.qc.ca\\\/bancroft-standards-procedures\\\/#primaryimage\"},\"image\":{\"@id\":\"https:\\\/\\\/bancroft.emsb.qc.ca\\\/bancroft-standards-procedures\\\/#primaryimage\"},\"thumbnailUrl\":\"https:\\\/\\\/bancroft.emsb.qc.ca\\\/wp-content\\\/uploads\\\/sites\\\/6\\\/2024\\\/06\\\/bancroft-banner-1920x350-8-768x140.jpg\",\"datePublished\":\"2024-08-26T13:20:56+00:00\",\"dateModified\":\"2025-09-17T14:19:45+00:00\",\"breadcrumb\":{\"@id\":\"https:\\\/\\\/bancroft.emsb.qc.ca\\\/bancroft-standards-procedures\\\/#breadcrumb\"},\"inLanguage\":\"fr-FR\",\"potentialAction\":[{\"@type\":\"ReadAction\",\"target\":[\"https:\\\/\\\/bancroft.emsb.qc.ca\\\/bancroft-standards-procedures\\\/\"]}]},{\"@type\":\"ImageObject\",\"inLanguage\":\"fr-FR\",\"@id\":\"https:\\\/\\\/bancroft.emsb.qc.ca\\\/bancroft-standards-procedures\\\/#primaryimage\",\"url\":\"https:\\\/\\\/bancroft.emsb.qc.ca\\\/wp-content\\\/uploads\\\/sites\\\/6\\\/2024\\\/06\\\/bancroft-banner-1920x350-8-768x140.jpg\",\"contentUrl\":\"https:\\\/\\\/bancroft.emsb.qc.ca\\\/wp-content\\\/uploads\\\/sites\\\/6\\\/2024\\\/06\\\/bancroft-banner-1920x350-8-768x140.jpg\"},{\"@type\":\"BreadcrumbList\",\"@id\":\"https:\\\/\\\/bancroft.emsb.qc.ca\\\/bancroft-standards-procedures\\\/#breadcrumb\",\"itemListElement\":[{\"@type\":\"ListItem\",\"position\":1,\"name\":\"Home\",\"item\":\"https:\\\/\\\/bancroft.emsb.qc.ca\\\/\"},{\"@type\":\"ListItem\",\"position\":2,\"name\":\"Standards &amp; Procedures\"}]},{\"@type\":\"WebSite\",\"@id\":\"https:\\\/\\\/bancroft.emsb.qc.ca\\\/#website\",\"url\":\"https:\\\/\\\/bancroft.emsb.qc.ca\\\/\",\"name\":\"Bancroft Elementary School\",\"description\":\"Bancroft Elementary School\",\"publisher\":{\"@id\":\"https:\\\/\\\/bancroft.emsb.qc.ca\\\/#organization\"},\"potentialAction\":[{\"@type\":\"SearchAction\",\"target\":{\"@type\":\"EntryPoint\",\"urlTemplate\":\"https:\\\/\\\/bancroft.emsb.qc.ca\\\/?s={search_term_string}\"},\"query-input\":{\"@type\":\"PropertyValueSpecification\",\"valueRequired\":true,\"valueName\":\"search_term_string\"}}],\"inLanguage\":\"fr-FR\"},{\"@type\":\"Organization\",\"@id\":\"https:\\\/\\\/bancroft.emsb.qc.ca\\\/#organization\",\"name\":\"Bancroft Elementary School\",\"url\":\"https:\\\/\\\/bancroft.emsb.qc.ca\\\/\",\"logo\":{\"@type\":\"ImageObject\",\"inLanguage\":\"fr-FR\",\"@id\":\"https:\\\/\\\/bancroft.emsb.qc.ca\\\/#\\\/schema\\\/logo\\\/image\\\/\",\"url\":\"https:\\\/\\\/bancroft.emsb.qc.ca\\\/wp-content\\\/uploads\\\/sites\\\/6\\\/2024\\\/06\\\/bancroft-crest.png\",\"contentUrl\":\"https:\\\/\\\/bancroft.emsb.qc.ca\\\/wp-content\\\/uploads\\\/sites\\\/6\\\/2024\\\/06\\\/bancroft-crest.png\",\"width\":1000,\"height\":944,\"caption\":\"Bancroft Elementary School\"},\"image\":{\"@id\":\"https:\\\/\\\/bancroft.emsb.qc.ca\\\/#\\\/schema\\\/logo\\\/image\\\/\"}}]}<\/script>\n<!-- \/ Yoast SEO plugin. -->","yoast_head_json":{"title":"Normes et proc\u00e9dures - Bancroft Elementary School","robots":{"index":"index","follow":"follow","max-snippet":"max-snippet:-1","max-image-preview":"max-image-preview:large","max-video-preview":"max-video-preview:-1"},"canonical":"https:\/\/bancroft.emsb.qc.ca\/fr\/bancroft-standards-procedures\/","og_locale":"fr_FR","og_type":"article","og_title":"Standards &amp; Procedures - Bancroft Elementary School","og_description":"Classroom Standards &amp; Procedures Standards and Procedures are official documents pertaining to the evaluation of student learning. They provide a summary of the evaluation criteria for each subject, and the period during which exams are scheduled. Standards and procedures are updated at the beginning of the school year by teachers and approved by the school [&hellip;]","og_url":"https:\/\/bancroft.emsb.qc.ca\/fr\/bancroft-standards-procedures\/","og_site_name":"Bancroft Elementary School","article_modified_time":"2025-09-17T14:19:45+00:00","og_image":[{"width":1920,"height":350,"url":"https:\/\/bancroft.emsb.qc.ca\/wp-content\/uploads\/sites\/6\/2024\/06\/bancroft-banner-1920x350-8.jpg","type":"image\/jpeg"}],"twitter_card":"summary_large_image","twitter_misc":{"Dur\u00e9e de lecture estim\u00e9e":"1 minute"},"schema":{"@context":"https:\/\/schema.org","@graph":[{"@type":"WebPage","@id":"https:\/\/bancroft.emsb.qc.ca\/bancroft-standards-procedures\/","url":"https:\/\/bancroft.emsb.qc.ca\/bancroft-standards-procedures\/","name":"Normes et proc\u00e9dures - Bancroft Elementary School","isPartOf":{"@id":"https:\/\/bancroft.emsb.qc.ca\/#website"},"primaryImageOfPage":{"@id":"https:\/\/bancroft.emsb.qc.ca\/bancroft-standards-procedures\/#primaryimage"},"image":{"@id":"https:\/\/bancroft.emsb.qc.ca\/bancroft-standards-procedures\/#primaryimage"},"thumbnailUrl":"https:\/\/bancroft.emsb.qc.ca\/wp-content\/uploads\/sites\/6\/2024\/06\/bancroft-banner-1920x350-8-768x140.jpg","datePublished":"2024-08-26T13:20:56+00:00","dateModified":"2025-09-17T14:19:45+00:00","breadcrumb":{"@id":"https:\/\/bancroft.emsb.qc.ca\/bancroft-standards-procedures\/#breadcrumb"},"inLanguage":"fr-FR","potentialAction":[{"@type":"ReadAction","target":["https:\/\/bancroft.emsb.qc.ca\/bancroft-standards-procedures\/"]}]},{"@type":"ImageObject","inLanguage":"fr-FR","@id":"https:\/\/bancroft.emsb.qc.ca\/bancroft-standards-procedures\/#primaryimage","url":"https:\/\/bancroft.emsb.qc.ca\/wp-content\/uploads\/sites\/6\/2024\/06\/bancroft-banner-1920x350-8-768x140.jpg","contentUrl":"https:\/\/bancroft.emsb.qc.ca\/wp-content\/uploads\/sites\/6\/2024\/06\/bancroft-banner-1920x350-8-768x140.jpg"},{"@type":"BreadcrumbList","@id":"https:\/\/bancroft.emsb.qc.ca\/bancroft-standards-procedures\/#breadcrumb","itemListElement":[{"@type":"ListItem","position":1,"name":"Home","item":"https:\/\/bancroft.emsb.qc.ca\/"},{"@type":"ListItem","position":2,"name":"Standards &amp; Procedures"}]},{"@type":"WebSite","@id":"https:\/\/bancroft.emsb.qc.ca\/#website","url":"https:\/\/bancroft.emsb.qc.ca\/","name":"\u00c9cole primaire Bancroft","description":"\u00c9cole primaire Bancroft","publisher":{"@id":"https:\/\/bancroft.emsb.qc.ca\/#organization"},"potentialAction":[{"@type":"SearchAction","target":{"@type":"EntryPoint","urlTemplate":"https:\/\/bancroft.emsb.qc.ca\/?s={search_term_string}"},"query-input":{"@type":"PropertyValueSpecification","valueRequired":true,"valueName":"search_term_string"}}],"inLanguage":"fr-FR"},{"@type":"Organization","@id":"https:\/\/bancroft.emsb.qc.ca\/#organization","name":"\u00c9cole primaire Bancroft","url":"https:\/\/bancroft.emsb.qc.ca\/","logo":{"@type":"ImageObject","inLanguage":"fr-FR","@id":"https:\/\/bancroft.emsb.qc.ca\/#\/schema\/logo\/image\/","url":"https:\/\/bancroft.emsb.qc.ca\/wp-content\/uploads\/sites\/6\/2024\/06\/bancroft-crest.png","contentUrl":"https:\/\/bancroft.emsb.qc.ca\/wp-content\/uploads\/sites\/6\/2024\/06\/bancroft-crest.png","width":1000,"height":944,"caption":"Bancroft Elementary School"},"image":{"@id":"https:\/\/bancroft.emsb.qc.ca\/#\/schema\/logo\/image\/"}}]}},"_links":{"self":[{"href":"https:\/\/bancroft.emsb.qc.ca\/fr\/wp-json\/wp\/v2\/pages\/11581","targetHints":{"allow":["GET"]}}],"collection":[{"href":"https:\/\/bancroft.emsb.qc.ca\/fr\/wp-json\/wp\/v2\/pages"}],"about":[{"href":"https:\/\/bancroft.emsb.qc.ca\/fr\/wp-json\/wp\/v2\/types\/page"}],"author":[{"embeddable":true,"href":"https:\/\/bancroft.emsb.qc.ca\/fr\/wp-json\/wp\/v2\/users\/11"}],"replies":[{"embeddable":true,"href":"https:\/\/bancroft.emsb.qc.ca\/fr\/wp-json\/wp\/v2\/comments?post=11581"}],"version-history":[{"count":31,"href":"https:\/\/bancroft.emsb.qc.ca\/fr\/wp-json\/wp\/v2\/pages\/11581\/revisions"}],"predecessor-version":[{"id":12694,"href":"https:\/\/bancroft.emsb.qc.ca\/fr\/wp-json\/wp\/v2\/pages\/11581\/revisions\/12694"}],"wp:attachment":[{"href":"https:\/\/bancroft.emsb.qc.ca\/fr\/wp-json\/wp\/v2\/media?parent=11581"}],"curies":[{"name":"wp","href":"https:\/\/api.w.org\/{rel}","templated":true}]}}